{"id":121,"date":"2026-02-05T14:52:43","date_gmt":"2026-02-05T11:52:43","guid":{"rendered":"https:\/\/n16logistic.ee\/?page_id=121"},"modified":"2026-02-05T14:54:02","modified_gmt":"2026-02-05T11:54:02","slug":"elementor-121","status":"publish","type":"page","link":"https:\/\/n16logistic.ee\/?page_id=121","title":{"rendered":"Hakk\u0131m\u0131zda"},"content":{"rendered":"\t\t<div data-elementor-type=\"wp-page\" data-elementor-id=\"121\" class=\"elementor elementor-121\">\n\t\t\t\t<div class=\"elementor-element elementor-element-5de46cc e-flex e-con-boxed e-con e-parent\" data-id=\"5de46cc\" data-element_type=\"container\">\n\t\t\t\t\t<div class=\"e-con-inner\">\n\t\t\t\t<div class=\"elementor-element elementor-element-00de246 elementor-widget elementor-widget-heading\" data-id=\"00de246\" data-element_type=\"widget\" data-widget_type=\"heading.default\">\n\t\t\t\t\t<h1 class=\"elementor-heading-title elementor-size-default\">Biz Kimiz?<\/h1>\t\t\t\t<\/div>\n\t\t\t\t\t<\/div>\n\t\t\t\t<\/div>\n\t\t<div class=\"elementor-element elementor-element-d6ce43b e-flex e-con-boxed e-con e-parent\" data-id=\"d6ce43b\" data-element_type=\"container\">\n\t\t\t\t\t<div class=\"e-con-inner\">\n\t\t\t\t<div class=\"elementor-element elementor-element-8be66cb elementor-widget-divider--view-line elementor-widget elementor-widget-divider\" data-id=\"8be66cb\" data-element_type=\"widget\" data-widget_type=\"divider.default\">\n\t\t\t\t\t\t\t<div class=\"elementor-divider\">\n\t\t\t<span class=\"elementor-divider-separator\">\n\t\t\t\t\t\t<\/span>\n\t\t<\/div>\n\t\t\t\t\t\t<\/div>\n\t\t\t\t\t<\/div>\n\t\t\t\t<\/div>\n\t\t<div class=\"elementor-element elementor-element-f94a411 e-flex e-con-boxed e-con e-parent\" data-id=\"f94a411\" data-element_type=\"container\">\n\t\t\t\t\t<div class=\"e-con-inner\">\n\t\t\t\t<div class=\"elementor-element elementor-element-66ac766 elementor-widget elementor-widget-text-editor\" data-id=\"66ac766\" data-element_type=\"widget\" data-widget_type=\"text-editor.default\">\n\t\t\t\t\t\t\t\t\t<p data-path-to-node=\"10\"><span style=\"color: #102b53;\">Yolculu\u011fumuz 2018 y\u0131l\u0131nda &#8220;N 16 Lojistik&#8221; ismiyle ba\u015flam\u0131\u015f olsa da, hikayemiz yollarda ge\u00e7en 20 y\u0131l\u0131 a\u015fk\u0131n bir tecr\u00fcbeye dayan\u0131yor.\u00a0<b data-path-to-node=\"10\" data-index-in-node=\"132\">Merkezimiz Estonya<\/b>\u2019n\u0131n yenilik\u00e7i vizyonuyla, <b data-path-to-node=\"10\" data-index-in-node=\"177\">Bursa\u2019daki \u015fubemiz<\/b> ise yerel pazar\u0131n ihtiya\u00e7lar\u0131na hakimiyetimizle lojistik s\u00fcre\u00e7lerinizi y\u00f6netiyoruz.<\/span><\/p><p data-path-to-node=\"11\"><span style=\"color: #102b53;\"><b data-path-to-node=\"11\" data-index-in-node=\"0\">Neden N 16 Lojistik?<\/b> \u00c7\u00fcnk\u00fc biz lojisti\u011fin sadece bir noktadan di\u011ferine gitmek olmad\u0131\u011f\u0131n\u0131; g\u00fcvenin, zamanlaman\u0131n ve do\u011fru ileti\u015fimin her \u015feyden \u00f6nemli oldu\u011funu biliyoruz. Avrupa ve T\u00fcrkiye aras\u0131ndaki k\u00f6pr\u00fcleri sadece ara\u00e7lar\u0131m\u0131zla de\u011fil, kurdu\u011fumuz sa\u011flam i\u015f ili\u015fkileriyle de in\u015fa ediyoruz.<\/span><\/p><p data-path-to-node=\"10\"><span style=\"color: #102b53;\">Deneyimimizden ald\u0131\u011f\u0131m\u0131z g\u00fc\u00e7 ve teknolojiye olan yat\u0131r\u0131m\u0131m\u0131zla, her sevkiyat\u0131 kendi emanetimiz gibi g\u00f6r\u00fcyor, 7\/24 takip ve \u00e7\u00f6z\u00fcm odakl\u0131 yakla\u015f\u0131m\u0131m\u0131zla fark yarat\u0131yoruz.\u00a0<\/span><\/p><p data-path-to-node=\"11\">\u00a0<\/p>\t\t\t\t\t\t\t\t<\/div>\n\t\t\t\t\t<\/div>\n\t\t\t\t<\/div>\n\t\t<div class=\"elementor-element elementor-element-93fea1e e-flex e-con-boxed e-con e-parent\" data-id=\"93fea1e\" data-element_type=\"container\">\n\t\t\t\t\t<div class=\"e-con-inner\">\n\t\t\t\t<div class=\"elementor-element elementor-element-a57af03 elementor-widget elementor-widget-image\" data-id=\"a57af03\" data-element_type=\"widget\" data-widget_type=\"image.default\">\n\t\t\t\t\t\t\t\t\t\t\t\t\t\t\t<img fetchpriority=\"high\" decoding=\"async\" width=\"800\" height=\"305\" src=\"https:\/\/n16logistic.ee\/wp-content\/uploads\/2026\/02\/g8f913b5c95d87d411ab49d1c21c97f4eaad6c6f750a01b5bbe5fa5baeac42c887fe86af22a0a106e62bbffe06a765bb798270f1f51f7cf402bea7fc6a2711020_1280-2685464-1024x391.jpg\" class=\"attachment-large size-large wp-image-123\" alt=\"imprint, about us, map, hand, finger, keep, grasp, business card, imprinted, present, origin, specification, responsible, accountability, responsibility, jurisdiction, internet, website, www, business card, business card, origin, accountability, accountability, accountability, accountability, accountability, responsibility, jurisdiction, website, website, website\" srcset=\"https:\/\/n16logistic.ee\/wp-content\/uploads\/2026\/02\/g8f913b5c95d87d411ab49d1c21c97f4eaad6c6f750a01b5bbe5fa5baeac42c887fe86af22a0a106e62bbffe06a765bb798270f1f51f7cf402bea7fc6a2711020_1280-2685464-1024x391.jpg 1024w, https:\/\/n16logistic.ee\/wp-content\/uploads\/2026\/02\/g8f913b5c95d87d411ab49d1c21c97f4eaad6c6f750a01b5bbe5fa5baeac42c887fe86af22a0a106e62bbffe06a765bb798270f1f51f7cf402bea7fc6a2711020_1280-2685464-300x115.jpg 300w, https:\/\/n16logistic.ee\/wp-content\/uploads\/2026\/02\/g8f913b5c95d87d411ab49d1c21c97f4eaad6c6f750a01b5bbe5fa5baeac42c887fe86af22a0a106e62bbffe06a765bb798270f1f51f7cf402bea7fc6a2711020_1280-2685464-768x293.jpg 768w, https:\/\/n16logistic.ee\/wp-content\/uploads\/2026\/02\/g8f913b5c95d87d411ab49d1c21c97f4eaad6c6f750a01b5bbe5fa5baeac42c887fe86af22a0a106e62bbffe06a765bb798270f1f51f7cf402bea7fc6a2711020_1280-2685464.jpg 1280w\" sizes=\"(max-width: 800px) 100vw, 800px\" \/>\t\t\t\t\t\t\t\t\t\t\t\t\t\t\t<\/div>\n\t\t\t\t\t<\/div>\n\t\t\t\t<\/div>\n\t\t\t\t<\/div>\n\t\t","protected":false},"excerpt":{"rendered":"<p>Biz Kimiz? Yolculu\u011fumuz 2018 y\u0131l\u0131nda &#8220;N 16 Lojistik&#8221; ismiyle ba\u015flam\u0131\u015f olsa da, hikayemiz yollarda ge\u00e7en 20 y\u0131l\u0131 a\u015fk\u0131n bir tecr\u00fcbeye dayan\u0131yor.\u00a0Merkezimiz Estonya\u2019n\u0131n yenilik\u00e7i vizyonuyla, Bursa\u2019daki \u015fubemiz ise yerel pazar\u0131n ihtiya\u00e7lar\u0131na hakimiyetimizle lojistik s\u00fcre\u00e7lerinizi y\u00f6netiyoruz. Neden N 16 Lojistik? \u00c7\u00fcnk\u00fc biz lojisti\u011fin sadece bir noktadan di\u011ferine gitmek olmad\u0131\u011f\u0131n\u0131; g\u00fcvenin, zamanlaman\u0131n ve do\u011fru ileti\u015fimin her \u015feyden \u00f6nemli [&hellip;]<\/p>\n","protected":false},"author":1,"featured_media":0,"parent":0,"menu_order":0,"comment_status":"closed","ping_status":"closed","template":"","meta":{"footnotes":""},"class_list":["post-121","page","type-page","status-publish","hentry"],"yoast_head":"<!-- This site is optimized with the Yoast SEO plugin v26.6 - https:\/\/yoast.com\/wordpress\/plugins\/seo\/ -->\n<title>Hakk\u0131m\u0131zda - N16 Logistic<\/title>\n<meta name=\"robots\" content=\"index, follow, max-snippet:-1, max-image-preview:large, max-video-preview:-1\" \/>\n<link rel=\"canonical\" href=\"https:\/\/n16logistic.ee\/?page_id=121\" \/>\n<meta property=\"og:locale\" content=\"tr_TR\" \/>\n<meta property=\"og:type\" content=\"article\" \/>\n<meta property=\"og:title\" content=\"Hakk\u0131m\u0131zda - N16 Logistic\" \/>\n<meta property=\"og:description\" content=\"Biz Kimiz? Yolculu\u011fumuz 2018 y\u0131l\u0131nda &#8220;N 16 Lojistik&#8221; ismiyle ba\u015flam\u0131\u015f olsa da, hikayemiz yollarda ge\u00e7en 20 y\u0131l\u0131 a\u015fk\u0131n bir tecr\u00fcbeye dayan\u0131yor.\u00a0Merkezimiz Estonya\u2019n\u0131n yenilik\u00e7i vizyonuyla, Bursa\u2019daki \u015fubemiz ise yerel pazar\u0131n ihtiya\u00e7lar\u0131na hakimiyetimizle lojistik s\u00fcre\u00e7lerinizi y\u00f6netiyoruz. Neden N 16 Lojistik? \u00c7\u00fcnk\u00fc biz lojisti\u011fin sadece bir noktadan di\u011ferine gitmek olmad\u0131\u011f\u0131n\u0131; g\u00fcvenin, zamanlaman\u0131n ve do\u011fru ileti\u015fimin her \u015feyden \u00f6nemli [&hellip;]\" \/>\n<meta property=\"og:url\" content=\"https:\/\/n16logistic.ee\/?page_id=121\" \/>\n<meta property=\"og:site_name\" content=\"N16 Logistic\" \/>\n<meta property=\"article:modified_time\" content=\"2026-02-05T11:54:02+00:00\" \/>\n<meta property=\"og:image\" content=\"https:\/\/n16logistic.ee\/wp-content\/uploads\/2026\/02\/g8f913b5c95d87d411ab49d1c21c97f4eaad6c6f750a01b5bbe5fa5baeac42c887fe86af22a0a106e62bbffe06a765bb798270f1f51f7cf402bea7fc6a2711020_1280-2685464-1024x391.jpg\" \/>\n<meta name=\"twitter:card\" content=\"summary_large_image\" \/>\n<meta name=\"twitter:label1\" content=\"Tahmini okuma s\u00fcresi\" \/>\n\t<meta name=\"twitter:data1\" content=\"1 dakika\" \/>\n<script type=\"application\/ld+json\" class=\"yoast-schema-graph\">{\"@context\":\"https:\/\/schema.org\",\"@graph\":[{\"@type\":\"WebPage\",\"@id\":\"https:\/\/n16logistic.ee\/?page_id=121\",\"url\":\"https:\/\/n16logistic.ee\/?page_id=121\",\"name\":\"Hakk\u0131m\u0131zda - N16 Logistic\",\"isPartOf\":{\"@id\":\"https:\/\/n16logistic.ee\/#website\"},\"primaryImageOfPage\":{\"@id\":\"https:\/\/n16logistic.ee\/?page_id=121#primaryimage\"},\"image\":{\"@id\":\"https:\/\/n16logistic.ee\/?page_id=121#primaryimage\"},\"thumbnailUrl\":\"https:\/\/n16logistic.ee\/wp-content\/uploads\/2026\/02\/g8f913b5c95d87d411ab49d1c21c97f4eaad6c6f750a01b5bbe5fa5baeac42c887fe86af22a0a106e62bbffe06a765bb798270f1f51f7cf402bea7fc6a2711020_1280-2685464-1024x391.jpg\",\"datePublished\":\"2026-02-05T11:52:43+00:00\",\"dateModified\":\"2026-02-05T11:54:02+00:00\",\"breadcrumb\":{\"@id\":\"https:\/\/n16logistic.ee\/?page_id=121#breadcrumb\"},\"inLanguage\":\"tr\",\"potentialAction\":[{\"@type\":\"ReadAction\",\"target\":[\"https:\/\/n16logistic.ee\/?page_id=121\"]}]},{\"@type\":\"ImageObject\",\"inLanguage\":\"tr\",\"@id\":\"https:\/\/n16logistic.ee\/?page_id=121#primaryimage\",\"url\":\"https:\/\/n16logistic.ee\/wp-content\/uploads\/2026\/02\/g8f913b5c95d87d411ab49d1c21c97f4eaad6c6f750a01b5bbe5fa5baeac42c887fe86af22a0a106e62bbffe06a765bb798270f1f51f7cf402bea7fc6a2711020_1280-2685464.jpg\",\"contentUrl\":\"https:\/\/n16logistic.ee\/wp-content\/uploads\/2026\/02\/g8f913b5c95d87d411ab49d1c21c97f4eaad6c6f750a01b5bbe5fa5baeac42c887fe86af22a0a106e62bbffe06a765bb798270f1f51f7cf402bea7fc6a2711020_1280-2685464.jpg\",\"width\":1280,\"height\":489,\"caption\":\"imprint, about us, map, hand, finger, keep, grasp, business card, imprinted, present, origin, specification, responsible, accountability, responsibility, jurisdiction, internet, website, www, business card, business card, origin, accountability, accountability, accountability, accountability, accountability, responsibility, jurisdiction, website, website, website\"},{\"@type\":\"BreadcrumbList\",\"@id\":\"https:\/\/n16logistic.ee\/?page_id=121#breadcrumb\",\"itemListElement\":[{\"@type\":\"ListItem\",\"position\":1,\"name\":\"Anasayfa\",\"item\":\"https:\/\/n16logistic.ee\/\"},{\"@type\":\"ListItem\",\"position\":2,\"name\":\"Hakk\u0131m\u0131zda\"}]},{\"@type\":\"WebSite\",\"@id\":\"https:\/\/n16logistic.ee\/#website\",\"url\":\"https:\/\/n16logistic.ee\/\",\"name\":\"N16 Logistic\",\"description\":\"\",\"publisher\":{\"@id\":\"https:\/\/n16logistic.ee\/#organization\"},\"potentialAction\":[{\"@type\":\"SearchAction\",\"target\":{\"@type\":\"EntryPoint\",\"urlTemplate\":\"https:\/\/n16logistic.ee\/?s={search_term_string}\"},\"query-input\":{\"@type\":\"PropertyValueSpecification\",\"valueRequired\":true,\"valueName\":\"search_term_string\"}}],\"inLanguage\":\"tr\"},{\"@type\":\"Organization\",\"@id\":\"https:\/\/n16logistic.ee\/#organization\",\"name\":\"N16 Logistic\",\"url\":\"https:\/\/n16logistic.ee\/\",\"logo\":{\"@type\":\"ImageObject\",\"inLanguage\":\"tr\",\"@id\":\"https:\/\/n16logistic.ee\/#\/schema\/logo\/image\/\",\"url\":\"https:\/\/n16logistic.ee\/wp-content\/uploads\/2026\/01\/seffaf-n16-2.png\",\"contentUrl\":\"https:\/\/n16logistic.ee\/wp-content\/uploads\/2026\/01\/seffaf-n16-2.png\",\"width\":1024,\"height\":1024,\"caption\":\"N16 Logistic\"},\"image\":{\"@id\":\"https:\/\/n16logistic.ee\/#\/schema\/logo\/image\/\"}}]}<\/script>\n<!-- \/ Yoast SEO plugin. -->","yoast_head_json":{"title":"Hakk\u0131m\u0131zda - N16 Logistic","robots":{"index":"index","follow":"follow","max-snippet":"max-snippet:-1","max-image-preview":"max-image-preview:large","max-video-preview":"max-video-preview:-1"},"canonical":"https:\/\/n16logistic.ee\/?page_id=121","og_locale":"tr_TR","og_type":"article","og_title":"Hakk\u0131m\u0131zda - N16 Logistic","og_description":"Biz Kimiz? Yolculu\u011fumuz 2018 y\u0131l\u0131nda &#8220;N 16 Lojistik&#8221; ismiyle ba\u015flam\u0131\u015f olsa da, hikayemiz yollarda ge\u00e7en 20 y\u0131l\u0131 a\u015fk\u0131n bir tecr\u00fcbeye dayan\u0131yor.\u00a0Merkezimiz Estonya\u2019n\u0131n yenilik\u00e7i vizyonuyla, Bursa\u2019daki \u015fubemiz ise yerel pazar\u0131n ihtiya\u00e7lar\u0131na hakimiyetimizle lojistik s\u00fcre\u00e7lerinizi y\u00f6netiyoruz. Neden N 16 Lojistik? \u00c7\u00fcnk\u00fc biz lojisti\u011fin sadece bir noktadan di\u011ferine gitmek olmad\u0131\u011f\u0131n\u0131; g\u00fcvenin, zamanlaman\u0131n ve do\u011fru ileti\u015fimin her \u015feyden \u00f6nemli [&hellip;]","og_url":"https:\/\/n16logistic.ee\/?page_id=121","og_site_name":"N16 Logistic","article_modified_time":"2026-02-05T11:54:02+00:00","og_image":[{"url":"https:\/\/n16logistic.ee\/wp-content\/uploads\/2026\/02\/g8f913b5c95d87d411ab49d1c21c97f4eaad6c6f750a01b5bbe5fa5baeac42c887fe86af22a0a106e62bbffe06a765bb798270f1f51f7cf402bea7fc6a2711020_1280-2685464-1024x391.jpg","type":"","width":"","height":""}],"twitter_card":"summary_large_image","twitter_misc":{"Tahmini okuma s\u00fcresi":"1 dakika"},"schema":{"@context":"https:\/\/schema.org","@graph":[{"@type":"WebPage","@id":"https:\/\/n16logistic.ee\/?page_id=121","url":"https:\/\/n16logistic.ee\/?page_id=121","name":"Hakk\u0131m\u0131zda - N16 Logistic","isPartOf":{"@id":"https:\/\/n16logistic.ee\/#website"},"primaryImageOfPage":{"@id":"https:\/\/n16logistic.ee\/?page_id=121#primaryimage"},"image":{"@id":"https:\/\/n16logistic.ee\/?page_id=121#primaryimage"},"thumbnailUrl":"https:\/\/n16logistic.ee\/wp-content\/uploads\/2026\/02\/g8f913b5c95d87d411ab49d1c21c97f4eaad6c6f750a01b5bbe5fa5baeac42c887fe86af22a0a106e62bbffe06a765bb798270f1f51f7cf402bea7fc6a2711020_1280-2685464-1024x391.jpg","datePublished":"2026-02-05T11:52:43+00:00","dateModified":"2026-02-05T11:54:02+00:00","breadcrumb":{"@id":"https:\/\/n16logistic.ee\/?page_id=121#breadcrumb"},"inLanguage":"tr","potentialAction":[{"@type":"ReadAction","target":["https:\/\/n16logistic.ee\/?page_id=121"]}]},{"@type":"ImageObject","inLanguage":"tr","@id":"https:\/\/n16logistic.ee\/?page_id=121#primaryimage","url":"https:\/\/n16logistic.ee\/wp-content\/uploads\/2026\/02\/g8f913b5c95d87d411ab49d1c21c97f4eaad6c6f750a01b5bbe5fa5baeac42c887fe86af22a0a106e62bbffe06a765bb798270f1f51f7cf402bea7fc6a2711020_1280-2685464.jpg","contentUrl":"https:\/\/n16logistic.ee\/wp-content\/uploads\/2026\/02\/g8f913b5c95d87d411ab49d1c21c97f4eaad6c6f750a01b5bbe5fa5baeac42c887fe86af22a0a106e62bbffe06a765bb798270f1f51f7cf402bea7fc6a2711020_1280-2685464.jpg","width":1280,"height":489,"caption":"imprint, about us, map, hand, finger, keep, grasp, business card, imprinted, present, origin, specification, responsible, accountability, responsibility, jurisdiction, internet, website, www, business card, business card, origin, accountability, accountability, accountability, accountability, accountability, responsibility, jurisdiction, website, website, website"},{"@type":"BreadcrumbList","@id":"https:\/\/n16logistic.ee\/?page_id=121#breadcrumb","itemListElement":[{"@type":"ListItem","position":1,"name":"Anasayfa","item":"https:\/\/n16logistic.ee\/"},{"@type":"ListItem","position":2,"name":"Hakk\u0131m\u0131zda"}]},{"@type":"WebSite","@id":"https:\/\/n16logistic.ee\/#website","url":"https:\/\/n16logistic.ee\/","name":"N16 Logistic","description":"","publisher":{"@id":"https:\/\/n16logistic.ee\/#organization"},"potentialAction":[{"@type":"SearchAction","target":{"@type":"EntryPoint","urlTemplate":"https:\/\/n16logistic.ee\/?s={search_term_string}"},"query-input":{"@type":"PropertyValueSpecification","valueRequired":true,"valueName":"search_term_string"}}],"inLanguage":"tr"},{"@type":"Organization","@id":"https:\/\/n16logistic.ee\/#organization","name":"N16 Logistic","url":"https:\/\/n16logistic.ee\/","logo":{"@type":"ImageObject","inLanguage":"tr","@id":"https:\/\/n16logistic.ee\/#\/schema\/logo\/image\/","url":"https:\/\/n16logistic.ee\/wp-content\/uploads\/2026\/01\/seffaf-n16-2.png","contentUrl":"https:\/\/n16logistic.ee\/wp-content\/uploads\/2026\/01\/seffaf-n16-2.png","width":1024,"height":1024,"caption":"N16 Logistic"},"image":{"@id":"https:\/\/n16logistic.ee\/#\/schema\/logo\/image\/"}}]}},"_links":{"self":[{"href":"https:\/\/n16logistic.ee\/index.php?rest_route=\/wp\/v2\/pages\/121","targetHints":{"allow":["GET"]}}],"collection":[{"href":"https:\/\/n16logistic.ee\/index.php?rest_route=\/wp\/v2\/pages"}],"about":[{"href":"https:\/\/n16logistic.ee\/index.php?rest_route=\/wp\/v2\/types\/page"}],"author":[{"embeddable":true,"href":"https:\/\/n16logistic.ee\/index.php?rest_route=\/wp\/v2\/users\/1"}],"replies":[{"embeddable":true,"href":"https:\/\/n16logistic.ee\/index.php?rest_route=%2Fwp%2Fv2%2Fcomments&post=121"}],"version-history":[{"count":5,"href":"https:\/\/n16logistic.ee\/index.php?rest_route=\/wp\/v2\/pages\/121\/revisions"}],"predecessor-version":[{"id":127,"href":"https:\/\/n16logistic.ee\/index.php?rest_route=\/wp\/v2\/pages\/121\/revisions\/127"}],"wp:attachment":[{"href":"https:\/\/n16logistic.ee\/index.php?rest_route=%2Fwp%2Fv2%2Fmedia&parent=121"}],"curies":[{"name":"wp","href":"https:\/\/api.w.org\/{rel}","templated":true}]}}