{"id":31,"date":"2026-01-15T14:22:18","date_gmt":"2026-01-15T11:22:18","guid":{"rendered":"https:\/\/n16logistic.ee\/?page_id=31"},"modified":"2026-01-15T16:10:00","modified_gmt":"2026-01-15T13:10:00","slug":"hizmetlerimiz","status":"publish","type":"page","link":"https:\/\/n16logistic.ee\/?page_id=31","title":{"rendered":"Hizmetlerimiz"},"content":{"rendered":"\n<p><strong><mark style=\"background-color:rgba(0, 0, 0, 0);color:#000000\" class=\"has-inline-color\">D\u00fcnyan\u0131n her noktas\u0131na, g\u00fcven ve h\u0131zla ba\u011flanan lojistik \u00e7\u00f6z\u00fcmler.<\/mark><\/strong><\/p>\n\n\n\n<h2 class=\"wp-block-heading\"> Karayolu Ta\u015f\u0131mac\u0131l\u0131\u011f\u0131<\/h2>\n\n\n\n<div class=\"wp-block-media-text is-stacked-on-mobile\"><figure class=\"wp-block-media-text__media\"><img fetchpriority=\"high\" decoding=\"async\" width=\"1024\" height=\"945\" src=\"https:\/\/n16logistic.ee\/wp-content\/uploads\/2026\/01\/Gemini_Generated_Image_xj31y8xj31y8xj31-e1768475409236.png\" alt=\"\" class=\"wp-image-42 size-full\" srcset=\"https:\/\/n16logistic.ee\/wp-content\/uploads\/2026\/01\/Gemini_Generated_Image_xj31y8xj31y8xj31-e1768475409236.png 1024w, https:\/\/n16logistic.ee\/wp-content\/uploads\/2026\/01\/Gemini_Generated_Image_xj31y8xj31y8xj31-e1768475409236-300x277.png 300w, https:\/\/n16logistic.ee\/wp-content\/uploads\/2026\/01\/Gemini_Generated_Image_xj31y8xj31y8xj31-e1768475409236-768x709.png 768w\" sizes=\"(max-width: 1024px) 100vw, 1024px\" \/><\/figure><div class=\"wp-block-media-text__content\">\n<p><mark style=\"background-color:rgba(0, 0, 0, 0)\" class=\"has-inline-color has-ast-global-color-0-color\">Geni\u015f ara\u00e7 filomuz ve optimize edilmi\u015f rotalar\u0131m\u0131zla, y\u00fcklerinizi kap\u0131dan kap\u0131ya g\u00fcvenle ta\u015f\u0131yoruz. Parsiyel ve komple ta\u015f\u0131mac\u0131l\u0131kta zaman\u0131nda teslimat garantisi sunuyoruz.<\/mark><\/p>\n<\/div><\/div>\n\n\n\n<div class=\"wp-block-buttons is-layout-flex wp-block-buttons-is-layout-flex\">\n<div class=\"wp-block-button\"><a class=\"wp-block-button__link wp-element-button\" href=\"https:\/\/n16logistic.ee\/?page_id=45\">Detayl\u0131 Bilgi<\/a><\/div>\n<\/div>\n\n\n\n<h2 class=\"wp-block-heading\">Expres Minivan Ta\u015f\u0131mac\u0131l\u0131k<\/h2>\n\n\n\n<div class=\"wp-block-media-text is-stacked-on-mobile\"><figure class=\"wp-block-media-text__media\"><img decoding=\"async\" width=\"1024\" height=\"942\" src=\"https:\/\/n16logistic.ee\/wp-content\/uploads\/2026\/01\/Gemini_Generated_Image_4v1hbf4v1hbf4v1h-e1768475801864.png\" alt=\"\" class=\"wp-image-36 size-full\" srcset=\"https:\/\/n16logistic.ee\/wp-content\/uploads\/2026\/01\/Gemini_Generated_Image_4v1hbf4v1hbf4v1h-e1768475801864.png 1024w, https:\/\/n16logistic.ee\/wp-content\/uploads\/2026\/01\/Gemini_Generated_Image_4v1hbf4v1hbf4v1h-e1768475801864-300x276.png 300w, https:\/\/n16logistic.ee\/wp-content\/uploads\/2026\/01\/Gemini_Generated_Image_4v1hbf4v1hbf4v1h-e1768475801864-768x707.png 768w\" sizes=\"(max-width: 1024px) 100vw, 1024px\" \/><\/figure><div class=\"wp-block-media-text__content\">\n<p><mark style=\"background-color:rgba(0, 0, 0, 0)\" class=\"has-inline-color has-ast-global-color-0-color\">Zaman\u0131n nakit oldu\u011fu durumlarda, N16 Lojistik&#8217;in Ekspres Minivan Ta\u015f\u0131mac\u0131l\u0131\u011f\u0131 ile tan\u0131\u015f\u0131n. Parsiyel y\u00fcklerinizden \u00f6zel kargolar\u0131n\u0131za kadar, en acil g\u00f6nderilerinizi en h\u0131zl\u0131 ve g\u00fcvenli \u015fekilde kap\u0131dan kap\u0131ya ula\u015ft\u0131r\u0131yoruz. Esnek rotalar\u0131m\u0131z, 7\/24 operasyonel deste\u011fimiz ve do\u011frudan teslimat avantaj\u0131m\u0131zla, i\u015finizin asla durmamas\u0131n\u0131 sa\u011fl\u0131yoruz.<\/mark><\/p>\n<\/div><\/div>\n\n\n\n<div class=\"wp-block-buttons is-layout-flex wp-block-buttons-is-layout-flex\">\n<div class=\"wp-block-button\"><a class=\"wp-block-button__link wp-element-button\" href=\"https:\/\/n16logistic.ee\/?page_id=57\">Detayl\u0131 Bilgi<\/a><\/div>\n<\/div>\n\n\n\n<h2 class=\"wp-block-heading\">Denizyolu Ta\u015f\u0131mac\u0131l\u0131\u011f\u0131<\/h2>\n\n\n\n<div class=\"wp-block-media-text is-stacked-on-mobile\"><figure class=\"wp-block-media-text__media\"><img decoding=\"async\" width=\"1024\" height=\"945\" src=\"https:\/\/n16logistic.ee\/wp-content\/uploads\/2026\/01\/Gemini_Generated_Image_y7w3j3y7w3j3y7w3-e1768475451625.png\" alt=\"\" class=\"wp-image-43 size-full\" srcset=\"https:\/\/n16logistic.ee\/wp-content\/uploads\/2026\/01\/Gemini_Generated_Image_y7w3j3y7w3j3y7w3-e1768475451625.png 1024w, https:\/\/n16logistic.ee\/wp-content\/uploads\/2026\/01\/Gemini_Generated_Image_y7w3j3y7w3j3y7w3-e1768475451625-300x277.png 300w, https:\/\/n16logistic.ee\/wp-content\/uploads\/2026\/01\/Gemini_Generated_Image_y7w3j3y7w3j3y7w3-e1768475451625-768x709.png 768w\" sizes=\"(max-width: 1024px) 100vw, 1024px\" \/><\/figure><div class=\"wp-block-media-text__content\">\n<p><mark style=\"background-color:rgba(0, 0, 0, 0)\" class=\"has-inline-color has-ast-global-color-0-color\">D\u00fcnyan\u0131n t\u00fcm limanlar\u0131na ula\u015fan geni\u015f acente a\u011f\u0131m\u0131zla konteyner ta\u015f\u0131mac\u0131l\u0131\u011f\u0131nda maliyet etkin \u00e7\u00f6z\u00fcmler sunuyoruz. FCL ve LCL y\u00fcklemeleriniz i\u00e7in profesyonel y\u00f6netim.<\/mark><\/p>\n<\/div><\/div>\n\n\n\n<div class=\"wp-block-buttons is-layout-flex wp-block-buttons-is-layout-flex\">\n<div class=\"wp-block-button\"><a class=\"wp-block-button__link wp-element-button\" href=\"https:\/\/n16logistic.ee\/?page_id=47\">Detayl\u0131 Bilgi<\/a><\/div>\n<\/div>\n\n\n\n<h2 class=\"wp-block-heading\"> Havayolu Ta\u015f\u0131mac\u0131l\u0131\u011f\u0131<\/h2>\n\n\n\n<div class=\"wp-block-media-text is-stacked-on-mobile\"><figure class=\"wp-block-media-text__media\"><img loading=\"lazy\" decoding=\"async\" width=\"1024\" height=\"942\" src=\"https:\/\/n16logistic.ee\/wp-content\/uploads\/2026\/01\/Gemini_Generated_Image_su8227su8227su82-e1768475625873.png\" alt=\"\" class=\"wp-image-39 size-full\" srcset=\"https:\/\/n16logistic.ee\/wp-content\/uploads\/2026\/01\/Gemini_Generated_Image_su8227su8227su82-e1768475625873.png 1024w, https:\/\/n16logistic.ee\/wp-content\/uploads\/2026\/01\/Gemini_Generated_Image_su8227su8227su82-e1768475625873-300x276.png 300w, https:\/\/n16logistic.ee\/wp-content\/uploads\/2026\/01\/Gemini_Generated_Image_su8227su8227su82-e1768475625873-768x707.png 768w\" sizes=\"(max-width: 1024px) 100vw, 1024px\" \/><\/figure><div class=\"wp-block-media-text__content\">\n<p><mark style=\"background-color:rgba(0, 0, 0, 0)\" class=\"has-inline-color has-ast-global-color-0-color\">Zamanla yar\u0131\u015fan g\u00f6nderileriniz i\u00e7in en h\u0131zl\u0131 \u00e7\u00f6z\u00fcm. Uluslararas\u0131 havalimanlar\u0131 aras\u0131nda ekspres servisimizle, en hassas y\u00fcklerinizi en k\u0131sa s\u00fcrede var\u0131\u015f noktas\u0131na ula\u015ft\u0131r\u0131yoruz.<\/mark><\/p>\n<\/div><\/div>\n\n\n\n<div class=\"wp-block-buttons is-layout-flex wp-block-buttons-is-layout-flex\">\n<div class=\"wp-block-button\"><a class=\"wp-block-button__link has-text-align-center wp-element-button\" href=\"https:\/\/n16logistic.ee\/?page_id=49\">Detayl\u0131 Bilgi<\/a><\/div>\n<\/div>\n\n\n\n<h2 class=\"wp-block-heading\">Depolama ve Da\u011f\u0131t\u0131m<\/h2>\n\n\n\n<div class=\"wp-block-media-text is-stacked-on-mobile\"><figure class=\"wp-block-media-text__media\"><img loading=\"lazy\" decoding=\"async\" width=\"1024\" height=\"942\" src=\"https:\/\/n16logistic.ee\/wp-content\/uploads\/2026\/01\/Gemini_Generated_Image_oyoogvoyoogvoyoo-e1768475292898.png\" alt=\"\" class=\"wp-image-38 size-full\" srcset=\"https:\/\/n16logistic.ee\/wp-content\/uploads\/2026\/01\/Gemini_Generated_Image_oyoogvoyoogvoyoo-e1768475292898.png 1024w, https:\/\/n16logistic.ee\/wp-content\/uploads\/2026\/01\/Gemini_Generated_Image_oyoogvoyoogvoyoo-e1768475292898-300x276.png 300w, https:\/\/n16logistic.ee\/wp-content\/uploads\/2026\/01\/Gemini_Generated_Image_oyoogvoyoogvoyoo-e1768475292898-768x707.png 768w\" sizes=\"(max-width: 1024px) 100vw, 1024px\" \/><\/figure><div class=\"wp-block-media-text__content\">\n<p>Zamanla yar\u0131\u015fan g\u00f6nderileriniz i\u00e7in en h\u0131zl\u0131 \u00e7\u00f6z\u00fcm. Uluslararas\u0131 havalimanlar\u0131 aras\u0131nda ekspres servisimizle, en hassas y\u00fcklerinizi en k\u0131sa s\u00fcrede var\u0131\u015f noktas\u0131na ula\u015ft\u0131r\u0131yoruz.<\/p>\n<\/div><\/div>\n\n\n\n<div class=\"wp-block-buttons is-layout-flex wp-block-buttons-is-layout-flex\">\n<div class=\"wp-block-button\"><a class=\"wp-block-button__link wp-element-button\" href=\"https:\/\/n16logistic.ee\/?page_id=51\">Detayl\u0131 Bilgi<\/a><\/div>\n<\/div>\n\n\n\n<h2 class=\"wp-block-heading\"> G\u00fcmr\u00fckleme ve Sigorta<\/h2>\n\n\n\n<div class=\"wp-block-media-text is-stacked-on-mobile\"><figure class=\"wp-block-media-text__media\"><img loading=\"lazy\" decoding=\"async\" width=\"1024\" height=\"942\" src=\"https:\/\/n16logistic.ee\/wp-content\/uploads\/2026\/01\/Gemini_Generated_Image_oxyptzoxyptzoxyp-e1768475265139.png\" alt=\"\" class=\"wp-image-37 size-full\" srcset=\"https:\/\/n16logistic.ee\/wp-content\/uploads\/2026\/01\/Gemini_Generated_Image_oxyptzoxyptzoxyp-e1768475265139.png 1024w, https:\/\/n16logistic.ee\/wp-content\/uploads\/2026\/01\/Gemini_Generated_Image_oxyptzoxyptzoxyp-e1768475265139-300x276.png 300w, https:\/\/n16logistic.ee\/wp-content\/uploads\/2026\/01\/Gemini_Generated_Image_oxyptzoxyptzoxyp-e1768475265139-768x707.png 768w\" sizes=\"(max-width: 1024px) 100vw, 1024px\" \/><\/figure><div class=\"wp-block-media-text__content\">\n<p>Uluslararas\u0131 ticaretteki karma\u015f\u0131k s\u00fcre\u00e7leri sizin ad\u0131n\u0131za y\u00f6netiyoruz. G\u00fcmr\u00fckleme i\u015flemlerini h\u0131zland\u0131r\u0131yor, y\u00fcklerinizi olas\u0131 risklere kar\u015f\u0131 tam kapsaml\u0131 sigortal\u0131yoruz.<\/p>\n<\/div><\/div>\n\n\n\n<div class=\"wp-block-buttons is-layout-flex wp-block-buttons-is-layout-flex\">\n<div class=\"wp-block-button\"><a class=\"wp-block-button__link wp-element-button\" href=\"https:\/\/n16logistic.ee\/?page_id=53\">Detayl\u0131 Bilgi<\/a><\/div>\n<\/div>\n\n\n\n<h2 class=\"wp-block-heading\"> Proje Ta\u015f\u0131mac\u0131l\u0131\u011f\u0131<\/h2>\n\n\n\n<div class=\"wp-block-media-text is-stacked-on-mobile\"><figure class=\"wp-block-media-text__media\"><img loading=\"lazy\" decoding=\"async\" width=\"1024\" height=\"945\" src=\"https:\/\/n16logistic.ee\/wp-content\/uploads\/2026\/01\/Gemini_Generated_Image_v67cg9v67cg9v67c-e1768475340981.png\" alt=\"\" class=\"wp-image-41 size-full\" srcset=\"https:\/\/n16logistic.ee\/wp-content\/uploads\/2026\/01\/Gemini_Generated_Image_v67cg9v67cg9v67c-e1768475340981.png 1024w, https:\/\/n16logistic.ee\/wp-content\/uploads\/2026\/01\/Gemini_Generated_Image_v67cg9v67cg9v67c-e1768475340981-300x277.png 300w, https:\/\/n16logistic.ee\/wp-content\/uploads\/2026\/01\/Gemini_Generated_Image_v67cg9v67cg9v67c-e1768475340981-768x709.png 768w\" sizes=\"(max-width: 1024px) 100vw, 1024px\" \/><\/figure><div class=\"wp-block-media-text__content\">\n<p>Standart d\u0131\u015f\u0131, a\u011f\u0131r ve gabari d\u0131\u015f\u0131 y\u00fckleriniz i\u00e7in m\u00fchendislik yakla\u015f\u0131mlar\u0131yla \u00f6zel ta\u015f\u0131ma planlar\u0131 olu\u015fturuyoruz. Zorlu projelerde uzman \u00e7\u00f6z\u00fcm orta\u011f\u0131n\u0131z\u0131z.<\/p>\n<\/div><\/div>\n\n\n\n<div class=\"wp-block-buttons is-layout-flex wp-block-buttons-is-layout-flex\">\n<div class=\"wp-block-button\"><a class=\"wp-block-button__link wp-element-button\" href=\"https:\/\/n16logistic.ee\/?page_id=55\">Detayl\u0131 Bilgi<\/a><\/div>\n<\/div>\n\n\n\n<p><\/p>\n","protected":false},"excerpt":{"rendered":"<p>D\u00fcnyan\u0131n her noktas\u0131na, g\u00fcven ve h\u0131zla ba\u011flanan lojistik \u00e7\u00f6z\u00fcmler. Karayolu Ta\u015f\u0131mac\u0131l\u0131\u011f\u0131 Geni\u015f ara\u00e7 filomuz ve optimize edilmi\u015f rotalar\u0131m\u0131zla, y\u00fcklerinizi kap\u0131dan kap\u0131ya g\u00fcvenle ta\u015f\u0131yoruz. Parsiyel ve komple ta\u015f\u0131mac\u0131l\u0131kta zaman\u0131nda teslimat garantisi sunuyoruz. Expres Minivan Ta\u015f\u0131mac\u0131l\u0131k Zaman\u0131n nakit oldu\u011fu durumlarda, N16 Lojistik&#8217;in Ekspres Minivan Ta\u015f\u0131mac\u0131l\u0131\u011f\u0131 ile tan\u0131\u015f\u0131n. Parsiyel y\u00fcklerinizden \u00f6zel kargolar\u0131n\u0131za kadar, en acil g\u00f6nderilerinizi en h\u0131zl\u0131 [&hellip;]<\/p>\n","protected":false},"author":1,"featured_media":0,"parent":0,"menu_order":0,"comment_status":"closed","ping_status":"closed","template":"","meta":{"footnotes":""},"class_list":["post-31","page","type-page","status-publish","hentry"],"yoast_head":"<!-- This site is optimized with the Yoast SEO plugin v26.6 - https:\/\/yoast.com\/wordpress\/plugins\/seo\/ -->\n<title>Hizmetlerimiz - N16 Logistic<\/title>\n<meta name=\"robots\" content=\"index, follow, max-snippet:-1, max-image-preview:large, max-video-preview:-1\" \/>\n<link rel=\"canonical\" href=\"https:\/\/n16logistic.ee\/?page_id=31\" \/>\n<meta property=\"og:locale\" content=\"tr_TR\" \/>\n<meta property=\"og:type\" content=\"article\" \/>\n<meta property=\"og:title\" content=\"Hizmetlerimiz - N16 Logistic\" \/>\n<meta property=\"og:description\" content=\"D\u00fcnyan\u0131n her noktas\u0131na, g\u00fcven ve h\u0131zla ba\u011flanan lojistik \u00e7\u00f6z\u00fcmler. Karayolu Ta\u015f\u0131mac\u0131l\u0131\u011f\u0131 Geni\u015f ara\u00e7 filomuz ve optimize edilmi\u015f rotalar\u0131m\u0131zla, y\u00fcklerinizi kap\u0131dan kap\u0131ya g\u00fcvenle ta\u015f\u0131yoruz. Parsiyel ve komple ta\u015f\u0131mac\u0131l\u0131kta zaman\u0131nda teslimat garantisi sunuyoruz. Expres Minivan Ta\u015f\u0131mac\u0131l\u0131k Zaman\u0131n nakit oldu\u011fu durumlarda, N16 Lojistik&#8217;in Ekspres Minivan Ta\u015f\u0131mac\u0131l\u0131\u011f\u0131 ile tan\u0131\u015f\u0131n. Parsiyel y\u00fcklerinizden \u00f6zel kargolar\u0131n\u0131za kadar, en acil g\u00f6nderilerinizi en h\u0131zl\u0131 [&hellip;]\" \/>\n<meta property=\"og:url\" content=\"https:\/\/n16logistic.ee\/?page_id=31\" \/>\n<meta property=\"og:site_name\" content=\"N16 Logistic\" \/>\n<meta property=\"article:modified_time\" content=\"2026-01-15T13:10:00+00:00\" \/>\n<meta property=\"og:image\" content=\"https:\/\/n16logistic.ee\/wp-content\/uploads\/2026\/01\/Gemini_Generated_Image_xj31y8xj31y8xj31-e1768475409236.png\" \/>\n\t<meta property=\"og:image:width\" content=\"1024\" \/>\n\t<meta property=\"og:image:height\" content=\"945\" \/>\n\t<meta property=\"og:image:type\" content=\"image\/png\" \/>\n<meta name=\"twitter:card\" content=\"summary_large_image\" \/>\n<meta name=\"twitter:label1\" content=\"Tahmini okuma s\u00fcresi\" \/>\n\t<meta name=\"twitter:data1\" content=\"3 dakika\" \/>\n<script type=\"application\/ld+json\" class=\"yoast-schema-graph\">{\"@context\":\"https:\/\/schema.org\",\"@graph\":[{\"@type\":\"WebPage\",\"@id\":\"https:\/\/n16logistic.ee\/?page_id=31\",\"url\":\"https:\/\/n16logistic.ee\/?page_id=31\",\"name\":\"Hizmetlerimiz - N16 Logistic\",\"isPartOf\":{\"@id\":\"https:\/\/n16logistic.ee\/#website\"},\"primaryImageOfPage\":{\"@id\":\"https:\/\/n16logistic.ee\/?page_id=31#primaryimage\"},\"image\":{\"@id\":\"https:\/\/n16logistic.ee\/?page_id=31#primaryimage\"},\"thumbnailUrl\":\"https:\/\/n16logistic.ee\/wp-content\/uploads\/2026\/01\/Gemini_Generated_Image_xj31y8xj31y8xj31-e1768475409236.png\",\"datePublished\":\"2026-01-15T11:22:18+00:00\",\"dateModified\":\"2026-01-15T13:10:00+00:00\",\"breadcrumb\":{\"@id\":\"https:\/\/n16logistic.ee\/?page_id=31#breadcrumb\"},\"inLanguage\":\"tr\",\"potentialAction\":[{\"@type\":\"ReadAction\",\"target\":[\"https:\/\/n16logistic.ee\/?page_id=31\"]}]},{\"@type\":\"ImageObject\",\"inLanguage\":\"tr\",\"@id\":\"https:\/\/n16logistic.ee\/?page_id=31#primaryimage\",\"url\":\"https:\/\/n16logistic.ee\/wp-content\/uploads\/2026\/01\/Gemini_Generated_Image_xj31y8xj31y8xj31-e1768475409236.png\",\"contentUrl\":\"https:\/\/n16logistic.ee\/wp-content\/uploads\/2026\/01\/Gemini_Generated_Image_xj31y8xj31y8xj31-e1768475409236.png\",\"width\":1024,\"height\":945},{\"@type\":\"BreadcrumbList\",\"@id\":\"https:\/\/n16logistic.ee\/?page_id=31#breadcrumb\",\"itemListElement\":[{\"@type\":\"ListItem\",\"position\":1,\"name\":\"Anasayfa\",\"item\":\"https:\/\/n16logistic.ee\/\"},{\"@type\":\"ListItem\",\"position\":2,\"name\":\"Hizmetlerimiz\"}]},{\"@type\":\"WebSite\",\"@id\":\"https:\/\/n16logistic.ee\/#website\",\"url\":\"https:\/\/n16logistic.ee\/\",\"name\":\"N16 Logistic\",\"description\":\"\",\"publisher\":{\"@id\":\"https:\/\/n16logistic.ee\/#organization\"},\"potentialAction\":[{\"@type\":\"SearchAction\",\"target\":{\"@type\":\"EntryPoint\",\"urlTemplate\":\"https:\/\/n16logistic.ee\/?s={search_term_string}\"},\"query-input\":{\"@type\":\"PropertyValueSpecification\",\"valueRequired\":true,\"valueName\":\"search_term_string\"}}],\"inLanguage\":\"tr\"},{\"@type\":\"Organization\",\"@id\":\"https:\/\/n16logistic.ee\/#organization\",\"name\":\"N16 Logistic\",\"url\":\"https:\/\/n16logistic.ee\/\",\"logo\":{\"@type\":\"ImageObject\",\"inLanguage\":\"tr\",\"@id\":\"https:\/\/n16logistic.ee\/#\/schema\/logo\/image\/\",\"url\":\"https:\/\/n16logistic.ee\/wp-content\/uploads\/2026\/01\/seffaf-n16-2.png\",\"contentUrl\":\"https:\/\/n16logistic.ee\/wp-content\/uploads\/2026\/01\/seffaf-n16-2.png\",\"width\":1024,\"height\":1024,\"caption\":\"N16 Logistic\"},\"image\":{\"@id\":\"https:\/\/n16logistic.ee\/#\/schema\/logo\/image\/\"}}]}<\/script>\n<!-- \/ Yoast SEO plugin. -->","yoast_head_json":{"title":"Hizmetlerimiz - N16 Logistic","robots":{"index":"index","follow":"follow","max-snippet":"max-snippet:-1","max-image-preview":"max-image-preview:large","max-video-preview":"max-video-preview:-1"},"canonical":"https:\/\/n16logistic.ee\/?page_id=31","og_locale":"tr_TR","og_type":"article","og_title":"Hizmetlerimiz - N16 Logistic","og_description":"D\u00fcnyan\u0131n her noktas\u0131na, g\u00fcven ve h\u0131zla ba\u011flanan lojistik \u00e7\u00f6z\u00fcmler. Karayolu Ta\u015f\u0131mac\u0131l\u0131\u011f\u0131 Geni\u015f ara\u00e7 filomuz ve optimize edilmi\u015f rotalar\u0131m\u0131zla, y\u00fcklerinizi kap\u0131dan kap\u0131ya g\u00fcvenle ta\u015f\u0131yoruz. Parsiyel ve komple ta\u015f\u0131mac\u0131l\u0131kta zaman\u0131nda teslimat garantisi sunuyoruz. Expres Minivan Ta\u015f\u0131mac\u0131l\u0131k Zaman\u0131n nakit oldu\u011fu durumlarda, N16 Lojistik&#8217;in Ekspres Minivan Ta\u015f\u0131mac\u0131l\u0131\u011f\u0131 ile tan\u0131\u015f\u0131n. Parsiyel y\u00fcklerinizden \u00f6zel kargolar\u0131n\u0131za kadar, en acil g\u00f6nderilerinizi en h\u0131zl\u0131 [&hellip;]","og_url":"https:\/\/n16logistic.ee\/?page_id=31","og_site_name":"N16 Logistic","article_modified_time":"2026-01-15T13:10:00+00:00","og_image":[{"width":1024,"height":945,"url":"https:\/\/n16logistic.ee\/wp-content\/uploads\/2026\/01\/Gemini_Generated_Image_xj31y8xj31y8xj31-e1768475409236.png","type":"image\/png"}],"twitter_card":"summary_large_image","twitter_misc":{"Tahmini okuma s\u00fcresi":"3 dakika"},"schema":{"@context":"https:\/\/schema.org","@graph":[{"@type":"WebPage","@id":"https:\/\/n16logistic.ee\/?page_id=31","url":"https:\/\/n16logistic.ee\/?page_id=31","name":"Hizmetlerimiz - N16 Logistic","isPartOf":{"@id":"https:\/\/n16logistic.ee\/#website"},"primaryImageOfPage":{"@id":"https:\/\/n16logistic.ee\/?page_id=31#primaryimage"},"image":{"@id":"https:\/\/n16logistic.ee\/?page_id=31#primaryimage"},"thumbnailUrl":"https:\/\/n16logistic.ee\/wp-content\/uploads\/2026\/01\/Gemini_Generated_Image_xj31y8xj31y8xj31-e1768475409236.png","datePublished":"2026-01-15T11:22:18+00:00","dateModified":"2026-01-15T13:10:00+00:00","breadcrumb":{"@id":"https:\/\/n16logistic.ee\/?page_id=31#breadcrumb"},"inLanguage":"tr","potentialAction":[{"@type":"ReadAction","target":["https:\/\/n16logistic.ee\/?page_id=31"]}]},{"@type":"ImageObject","inLanguage":"tr","@id":"https:\/\/n16logistic.ee\/?page_id=31#primaryimage","url":"https:\/\/n16logistic.ee\/wp-content\/uploads\/2026\/01\/Gemini_Generated_Image_xj31y8xj31y8xj31-e1768475409236.png","contentUrl":"https:\/\/n16logistic.ee\/wp-content\/uploads\/2026\/01\/Gemini_Generated_Image_xj31y8xj31y8xj31-e1768475409236.png","width":1024,"height":945},{"@type":"BreadcrumbList","@id":"https:\/\/n16logistic.ee\/?page_id=31#breadcrumb","itemListElement":[{"@type":"ListItem","position":1,"name":"Anasayfa","item":"https:\/\/n16logistic.ee\/"},{"@type":"ListItem","position":2,"name":"Hizmetlerimiz"}]},{"@type":"WebSite","@id":"https:\/\/n16logistic.ee\/#website","url":"https:\/\/n16logistic.ee\/","name":"N16 Logistic","description":"","publisher":{"@id":"https:\/\/n16logistic.ee\/#organization"},"potentialAction":[{"@type":"SearchAction","target":{"@type":"EntryPoint","urlTemplate":"https:\/\/n16logistic.ee\/?s={search_term_string}"},"query-input":{"@type":"PropertyValueSpecification","valueRequired":true,"valueName":"search_term_string"}}],"inLanguage":"tr"},{"@type":"Organization","@id":"https:\/\/n16logistic.ee\/#organization","name":"N16 Logistic","url":"https:\/\/n16logistic.ee\/","logo":{"@type":"ImageObject","inLanguage":"tr","@id":"https:\/\/n16logistic.ee\/#\/schema\/logo\/image\/","url":"https:\/\/n16logistic.ee\/wp-content\/uploads\/2026\/01\/seffaf-n16-2.png","contentUrl":"https:\/\/n16logistic.ee\/wp-content\/uploads\/2026\/01\/seffaf-n16-2.png","width":1024,"height":1024,"caption":"N16 Logistic"},"image":{"@id":"https:\/\/n16logistic.ee\/#\/schema\/logo\/image\/"}}]}},"_links":{"self":[{"href":"https:\/\/n16logistic.ee\/index.php?rest_route=\/wp\/v2\/pages\/31","targetHints":{"allow":["GET"]}}],"collection":[{"href":"https:\/\/n16logistic.ee\/index.php?rest_route=\/wp\/v2\/pages"}],"about":[{"href":"https:\/\/n16logistic.ee\/index.php?rest_route=\/wp\/v2\/types\/page"}],"author":[{"embeddable":true,"href":"https:\/\/n16logistic.ee\/index.php?rest_route=\/wp\/v2\/users\/1"}],"replies":[{"embeddable":true,"href":"https:\/\/n16logistic.ee\/index.php?rest_route=%2Fwp%2Fv2%2Fcomments&post=31"}],"version-history":[{"count":4,"href":"https:\/\/n16logistic.ee\/index.php?rest_route=\/wp\/v2\/pages\/31\/revisions"}],"predecessor-version":[{"id":83,"href":"https:\/\/n16logistic.ee\/index.php?rest_route=\/wp\/v2\/pages\/31\/revisions\/83"}],"wp:attachment":[{"href":"https:\/\/n16logistic.ee\/index.php?rest_route=%2Fwp%2Fv2%2Fmedia&parent=31"}],"curies":[{"name":"wp","href":"https:\/\/api.w.org\/{rel}","templated":true}]}}