{"id":47,"date":"2026-01-15T14:40:43","date_gmt":"2026-01-15T11:40:43","guid":{"rendered":"https:\/\/n16logistic.ee\/?page_id=47"},"modified":"2026-01-15T14:40:44","modified_gmt":"2026-01-15T11:40:44","slug":"denizyolu-tasimaciligi","status":"publish","type":"page","link":"https:\/\/n16logistic.ee\/?page_id=47","title":{"rendered":"Denizyolu Ta\u015f\u0131mac\u0131l\u0131\u011f\u0131"},"content":{"rendered":"\n<p class=\"has-white-color has-vivid-cyan-blue-background-color has-text-color has-background has-link-color has-medium-font-size wp-elements-3689247b874984f66d49340c04be3371\">K\u00fcresel Denizyolu Ta\u015f\u0131mac\u0131l\u0131\u011f\u0131 ve Konteyner \u00c7\u00f6z\u00fcmleri<\/p>\n\n\n\n<div class=\"wp-block-media-text is-stacked-on-mobile\"><figure class=\"wp-block-media-text__media\"><img fetchpriority=\"high\" decoding=\"async\" width=\"1024\" height=\"945\" src=\"https:\/\/n16logistic.ee\/wp-content\/uploads\/2026\/01\/Gemini_Generated_Image_y7w3j3y7w3j3y7w3-e1768475451625.png\" alt=\"\" class=\"wp-image-43 size-full\" srcset=\"https:\/\/n16logistic.ee\/wp-content\/uploads\/2026\/01\/Gemini_Generated_Image_y7w3j3y7w3j3y7w3-e1768475451625.png 1024w, https:\/\/n16logistic.ee\/wp-content\/uploads\/2026\/01\/Gemini_Generated_Image_y7w3j3y7w3j3y7w3-e1768475451625-300x277.png 300w, https:\/\/n16logistic.ee\/wp-content\/uploads\/2026\/01\/Gemini_Generated_Image_y7w3j3y7w3j3y7w3-e1768475451625-768x709.png 768w\" sizes=\"(max-width: 1024px) 100vw, 1024px\" \/><\/figure><div class=\"wp-block-media-text__content\">\n<p class=\"has-black-color has-text-color has-link-color wp-elements-7fa16998cafd8eb7482ecabbc395b609\">K\u0131talararas\u0131 ticaretin en k\u00f6kl\u00fc ve ekonomik y\u00f6ntemi olan denizyolu ta\u015f\u0131mac\u0131l\u0131\u011f\u0131nda, N16 Lojistik olarak d\u00fcnyan\u0131n t\u00fcm b\u00fcy\u00fck limanlar\u0131n\u0131 kap\u0131n\u0131za getiriyoruz. G\u00fc\u00e7l\u00fc armat\u00f6r anla\u015fmalar\u0131m\u0131z ve geni\u015f acente a\u011f\u0131m\u0131zla, y\u00fck\u00fcn\u00fcz\u00fcn hacmi ne olursa olsun, en uygun maliyetli ve g\u00fcvenilir rotalar\u0131 sizin i\u00e7in olu\u015fturuyoruz.<\/p>\n\n\n\n<div class=\"wp-block-buttons is-layout-flex wp-block-buttons-is-layout-flex\">\n<div class=\"wp-block-button\"><a class=\"wp-block-button__link wp-element-button\">Teklif Al<\/a><\/div>\n<\/div>\n<\/div><\/div>\n\n\n\n<h3 class=\"wp-block-heading has-white-color has-vivid-cyan-blue-background-color has-text-color has-background has-link-color wp-elements-8bce1a72a182b78b9e7c7d3245eee90f\">Hizmet Modellerimiz<\/h3>\n\n\n\n<ul class=\"wp-block-list\">\n<li class=\"has-black-color has-text-color has-link-color wp-elements-9644b2b14a6e175bf5785d24537f97ef\"><strong>FCL (Tam Konteyner Y\u00fcklemesi):<\/strong> Y\u00fck\u00fcn\u00fcz\u00fcn hacmine g\u00f6re 20\u2019lik, 40\u2019l\u0131k veya High Cube konteyner se\u00e7enekleriyle, sadece size \u00f6zel ayr\u0131lm\u0131\u015f alanlarda g\u00fcvenli ta\u015f\u0131ma sa\u011fl\u0131yoruz.<\/li>\n\n\n\n<li class=\"has-black-color has-text-color has-link-color wp-elements-051b29f8c02b6f1b9c842d87a7038341\"><strong>LCL (Parsiyel Konteyner Y\u00fcklemesi):<\/strong> Bir konteyneri doldurmayan y\u00fckleriniz i\u00e7in di\u011fer g\u00f6nderilerle alan payla\u015f\u0131m\u0131 yaparak, lojistik maliyetlerinizi minimize ediyoruz.<\/li>\n\n\n\n<li class=\"has-black-color has-text-color has-link-color wp-elements-1689d4865df1baba7480503724527ade\"><strong>\u00d6zel Ekipman Ta\u015f\u0131mac\u0131l\u0131\u011f\u0131:<\/strong> Standart konteynerlere s\u0131\u011fmayan y\u00fckleriniz i\u00e7in <strong>Open Top<\/strong>, <strong>Flat Rack<\/strong> ve so\u011futmal\u0131 <strong>Reefer<\/strong> konteyner se\u00e7enekleriyle profesyonel \u00e7\u00f6z\u00fcmler sunuyoruz.<\/li>\n\n\n\n<li class=\"has-black-color has-text-color has-link-color wp-elements-432fe4c8579f02bb0f7e9e390ca8d728\"><strong>Liman Hizmetleri ve Elle\u00e7leme:<\/strong> Sadece ta\u015f\u0131ma de\u011fil; limanlardaki tahliye, y\u00fckleme, lashing (sabitleme) ve ara nakliye s\u00fcre\u00e7lerini de titizlikle y\u00f6netiyoruz.<\/li>\n<\/ul>\n\n\n\n<h3 class=\"wp-block-heading has-white-color has-vivid-cyan-blue-background-color has-text-color has-background has-link-color wp-elements-4651cb15cd53362da0db0f1fe2b4f00e\">Neden N16 Lojistik Denizyolu Hizmeti?<\/h3>\n\n\n\n<ol start=\"1\" class=\"wp-block-list\">\n<li class=\"has-black-color has-text-color has-link-color wp-elements-465190b67ed048c7980bc8cef34ee865\"><strong>Rekabet\u00e7i Navlun Avantaj\u0131:<\/strong> K\u00fcresel \u00f6l\u00e7ekteki armat\u00f6rlerle yapt\u0131\u011f\u0131m\u0131z y\u0131ll\u0131k anla\u015fmalar sayesinde, size en avantajl\u0131 fiyat tekliflerini sunuyoruz.<\/li>\n\n\n\n<li class=\"has-black-color has-text-color has-link-color wp-elements-c11f5f1f737e73812ac80d18a90377da\"><strong>Multimodal Entegrasyon:<\/strong> Limana gelen y\u00fck\u00fcn\u00fcz\u00fc karayolu veya demiryolu a\u011f\u0131m\u0131zla birle\u015ftirerek, limandan adrese eksiksiz teslimat sa\u011fl\u0131yoruz.<\/li>\n\n\n\n<li class=\"has-black-color has-text-color has-link-color wp-elements-eb544b8858a84636fc04408522cbbe8a\"><strong>D\u00fcnya \u00c7ap\u0131nda Eri\u015fim:<\/strong> Uzak Do\u011fu&#8217;dan Amerika&#8217;ya, Avrupa&#8217;dan Afrika&#8217;ya kadar d\u00fcnyan\u0131n her yerindeki limanlarda operasyonel g\u00fcc\u00fcm\u00fczle yan\u0131n\u0131zday\u0131z.<\/li>\n\n\n\n<li class=\"has-black-color has-text-color has-link-color wp-elements-cc14a033ced074076bdcbaa74915c033\"><strong>Esnek Rezervasyon \u0130mkan\u0131:<\/strong> Yo\u011fun d\u00f6nemlerde dahi ekipman ve yer garantisi konusundaki \u00e7\u00f6z\u00fcmlerimizle sevkiyat takviminizi aksatm\u0131yoruz.<\/li>\n<\/ol>\n\n\n\n<p><\/p>\n","protected":false},"excerpt":{"rendered":"<p>K\u00fcresel Denizyolu Ta\u015f\u0131mac\u0131l\u0131\u011f\u0131 ve Konteyner \u00c7\u00f6z\u00fcmleri Hizmet Modellerimiz Neden N16 Lojistik Denizyolu Hizmeti?<\/p>\n","protected":false},"author":1,"featured_media":0,"parent":0,"menu_order":0,"comment_status":"closed","ping_status":"closed","template":"","meta":{"footnotes":""},"class_list":["post-47","page","type-page","status-publish","hentry"],"yoast_head":"<!-- This site is optimized with the Yoast SEO plugin v26.6 - https:\/\/yoast.com\/wordpress\/plugins\/seo\/ -->\n<title>Denizyolu Ta\u015f\u0131mac\u0131l\u0131\u011f\u0131 - N16 Logistic<\/title>\n<meta name=\"description\" content=\"Denizyolu ta\u015f\u0131mac\u0131l\u0131\u011f\u0131nda N16 Lojistik fark\u0131! FCL ve LCL konteyner y\u00fcklemeleri, uygun navlunlar ve k\u00fcresel liman a\u011f\u0131yla g\u00fcvenli ticaret. Hemen detaylar\u0131 inceleyin.\" \/>\n<meta name=\"robots\" content=\"index, follow, max-snippet:-1, max-image-preview:large, max-video-preview:-1\" \/>\n<link rel=\"canonical\" href=\"https:\/\/n16logistic.ee\/?page_id=47\" \/>\n<meta property=\"og:locale\" content=\"tr_TR\" \/>\n<meta property=\"og:type\" content=\"article\" \/>\n<meta property=\"og:title\" content=\"Denizyolu Ta\u015f\u0131mac\u0131l\u0131\u011f\u0131 - N16 Logistic\" \/>\n<meta property=\"og:description\" content=\"Denizyolu ta\u015f\u0131mac\u0131l\u0131\u011f\u0131nda N16 Lojistik fark\u0131! FCL ve LCL konteyner y\u00fcklemeleri, uygun navlunlar ve k\u00fcresel liman a\u011f\u0131yla g\u00fcvenli ticaret. Hemen detaylar\u0131 inceleyin.\" \/>\n<meta property=\"og:url\" content=\"https:\/\/n16logistic.ee\/?page_id=47\" \/>\n<meta property=\"og:site_name\" content=\"N16 Logistic\" \/>\n<meta property=\"article:modified_time\" content=\"2026-01-15T11:40:44+00:00\" \/>\n<meta property=\"og:image\" content=\"https:\/\/n16logistic.ee\/wp-content\/uploads\/2026\/01\/Gemini_Generated_Image_y7w3j3y7w3j3y7w3-e1768475451625.png\" \/>\n\t<meta property=\"og:image:width\" content=\"1024\" \/>\n\t<meta property=\"og:image:height\" content=\"945\" \/>\n\t<meta property=\"og:image:type\" content=\"image\/png\" \/>\n<meta name=\"twitter:card\" content=\"summary_large_image\" \/>\n<meta name=\"twitter:label1\" content=\"Tahmini okuma s\u00fcresi\" \/>\n\t<meta name=\"twitter:data1\" content=\"2 dakika\" \/>\n<script type=\"application\/ld+json\" class=\"yoast-schema-graph\">{\"@context\":\"https:\/\/schema.org\",\"@graph\":[{\"@type\":\"WebPage\",\"@id\":\"https:\/\/n16logistic.ee\/?page_id=47\",\"url\":\"https:\/\/n16logistic.ee\/?page_id=47\",\"name\":\"Denizyolu Ta\u015f\u0131mac\u0131l\u0131\u011f\u0131 - N16 Logistic\",\"isPartOf\":{\"@id\":\"https:\/\/n16logistic.ee\/#website\"},\"primaryImageOfPage\":{\"@id\":\"https:\/\/n16logistic.ee\/?page_id=47#primaryimage\"},\"image\":{\"@id\":\"https:\/\/n16logistic.ee\/?page_id=47#primaryimage\"},\"thumbnailUrl\":\"https:\/\/n16logistic.ee\/wp-content\/uploads\/2026\/01\/Gemini_Generated_Image_y7w3j3y7w3j3y7w3-e1768475451625.png\",\"datePublished\":\"2026-01-15T11:40:43+00:00\",\"dateModified\":\"2026-01-15T11:40:44+00:00\",\"description\":\"Denizyolu ta\u015f\u0131mac\u0131l\u0131\u011f\u0131nda N16 Lojistik fark\u0131! FCL ve LCL konteyner y\u00fcklemeleri, uygun navlunlar ve k\u00fcresel liman a\u011f\u0131yla g\u00fcvenli ticaret. Hemen detaylar\u0131 inceleyin.\",\"breadcrumb\":{\"@id\":\"https:\/\/n16logistic.ee\/?page_id=47#breadcrumb\"},\"inLanguage\":\"tr\",\"potentialAction\":[{\"@type\":\"ReadAction\",\"target\":[\"https:\/\/n16logistic.ee\/?page_id=47\"]}]},{\"@type\":\"ImageObject\",\"inLanguage\":\"tr\",\"@id\":\"https:\/\/n16logistic.ee\/?page_id=47#primaryimage\",\"url\":\"https:\/\/n16logistic.ee\/wp-content\/uploads\/2026\/01\/Gemini_Generated_Image_y7w3j3y7w3j3y7w3-e1768475451625.png\",\"contentUrl\":\"https:\/\/n16logistic.ee\/wp-content\/uploads\/2026\/01\/Gemini_Generated_Image_y7w3j3y7w3j3y7w3-e1768475451625.png\",\"width\":1024,\"height\":945},{\"@type\":\"BreadcrumbList\",\"@id\":\"https:\/\/n16logistic.ee\/?page_id=47#breadcrumb\",\"itemListElement\":[{\"@type\":\"ListItem\",\"position\":1,\"name\":\"Anasayfa\",\"item\":\"https:\/\/n16logistic.ee\/\"},{\"@type\":\"ListItem\",\"position\":2,\"name\":\"Denizyolu Ta\u015f\u0131mac\u0131l\u0131\u011f\u0131\"}]},{\"@type\":\"WebSite\",\"@id\":\"https:\/\/n16logistic.ee\/#website\",\"url\":\"https:\/\/n16logistic.ee\/\",\"name\":\"N16 Logistic\",\"description\":\"\",\"publisher\":{\"@id\":\"https:\/\/n16logistic.ee\/#organization\"},\"potentialAction\":[{\"@type\":\"SearchAction\",\"target\":{\"@type\":\"EntryPoint\",\"urlTemplate\":\"https:\/\/n16logistic.ee\/?s={search_term_string}\"},\"query-input\":{\"@type\":\"PropertyValueSpecification\",\"valueRequired\":true,\"valueName\":\"search_term_string\"}}],\"inLanguage\":\"tr\"},{\"@type\":\"Organization\",\"@id\":\"https:\/\/n16logistic.ee\/#organization\",\"name\":\"N16 Logistic\",\"url\":\"https:\/\/n16logistic.ee\/\",\"logo\":{\"@type\":\"ImageObject\",\"inLanguage\":\"tr\",\"@id\":\"https:\/\/n16logistic.ee\/#\/schema\/logo\/image\/\",\"url\":\"https:\/\/n16logistic.ee\/wp-content\/uploads\/2026\/01\/seffaf-n16-2.png\",\"contentUrl\":\"https:\/\/n16logistic.ee\/wp-content\/uploads\/2026\/01\/seffaf-n16-2.png\",\"width\":1024,\"height\":1024,\"caption\":\"N16 Logistic\"},\"image\":{\"@id\":\"https:\/\/n16logistic.ee\/#\/schema\/logo\/image\/\"}}]}<\/script>\n<!-- \/ Yoast SEO plugin. -->","yoast_head_json":{"title":"Denizyolu Ta\u015f\u0131mac\u0131l\u0131\u011f\u0131 - N16 Logistic","description":"Denizyolu ta\u015f\u0131mac\u0131l\u0131\u011f\u0131nda N16 Lojistik fark\u0131! FCL ve LCL konteyner y\u00fcklemeleri, uygun navlunlar ve k\u00fcresel liman a\u011f\u0131yla g\u00fcvenli ticaret. Hemen detaylar\u0131 inceleyin.","robots":{"index":"index","follow":"follow","max-snippet":"max-snippet:-1","max-image-preview":"max-image-preview:large","max-video-preview":"max-video-preview:-1"},"canonical":"https:\/\/n16logistic.ee\/?page_id=47","og_locale":"tr_TR","og_type":"article","og_title":"Denizyolu Ta\u015f\u0131mac\u0131l\u0131\u011f\u0131 - N16 Logistic","og_description":"Denizyolu ta\u015f\u0131mac\u0131l\u0131\u011f\u0131nda N16 Lojistik fark\u0131! FCL ve LCL konteyner y\u00fcklemeleri, uygun navlunlar ve k\u00fcresel liman a\u011f\u0131yla g\u00fcvenli ticaret. Hemen detaylar\u0131 inceleyin.","og_url":"https:\/\/n16logistic.ee\/?page_id=47","og_site_name":"N16 Logistic","article_modified_time":"2026-01-15T11:40:44+00:00","og_image":[{"width":1024,"height":945,"url":"https:\/\/n16logistic.ee\/wp-content\/uploads\/2026\/01\/Gemini_Generated_Image_y7w3j3y7w3j3y7w3-e1768475451625.png","type":"image\/png"}],"twitter_card":"summary_large_image","twitter_misc":{"Tahmini okuma s\u00fcresi":"2 dakika"},"schema":{"@context":"https:\/\/schema.org","@graph":[{"@type":"WebPage","@id":"https:\/\/n16logistic.ee\/?page_id=47","url":"https:\/\/n16logistic.ee\/?page_id=47","name":"Denizyolu Ta\u015f\u0131mac\u0131l\u0131\u011f\u0131 - N16 Logistic","isPartOf":{"@id":"https:\/\/n16logistic.ee\/#website"},"primaryImageOfPage":{"@id":"https:\/\/n16logistic.ee\/?page_id=47#primaryimage"},"image":{"@id":"https:\/\/n16logistic.ee\/?page_id=47#primaryimage"},"thumbnailUrl":"https:\/\/n16logistic.ee\/wp-content\/uploads\/2026\/01\/Gemini_Generated_Image_y7w3j3y7w3j3y7w3-e1768475451625.png","datePublished":"2026-01-15T11:40:43+00:00","dateModified":"2026-01-15T11:40:44+00:00","description":"Denizyolu ta\u015f\u0131mac\u0131l\u0131\u011f\u0131nda N16 Lojistik fark\u0131! FCL ve LCL konteyner y\u00fcklemeleri, uygun navlunlar ve k\u00fcresel liman a\u011f\u0131yla g\u00fcvenli ticaret. Hemen detaylar\u0131 inceleyin.","breadcrumb":{"@id":"https:\/\/n16logistic.ee\/?page_id=47#breadcrumb"},"inLanguage":"tr","potentialAction":[{"@type":"ReadAction","target":["https:\/\/n16logistic.ee\/?page_id=47"]}]},{"@type":"ImageObject","inLanguage":"tr","@id":"https:\/\/n16logistic.ee\/?page_id=47#primaryimage","url":"https:\/\/n16logistic.ee\/wp-content\/uploads\/2026\/01\/Gemini_Generated_Image_y7w3j3y7w3j3y7w3-e1768475451625.png","contentUrl":"https:\/\/n16logistic.ee\/wp-content\/uploads\/2026\/01\/Gemini_Generated_Image_y7w3j3y7w3j3y7w3-e1768475451625.png","width":1024,"height":945},{"@type":"BreadcrumbList","@id":"https:\/\/n16logistic.ee\/?page_id=47#breadcrumb","itemListElement":[{"@type":"ListItem","position":1,"name":"Anasayfa","item":"https:\/\/n16logistic.ee\/"},{"@type":"ListItem","position":2,"name":"Denizyolu Ta\u015f\u0131mac\u0131l\u0131\u011f\u0131"}]},{"@type":"WebSite","@id":"https:\/\/n16logistic.ee\/#website","url":"https:\/\/n16logistic.ee\/","name":"N16 Logistic","description":"","publisher":{"@id":"https:\/\/n16logistic.ee\/#organization"},"potentialAction":[{"@type":"SearchAction","target":{"@type":"EntryPoint","urlTemplate":"https:\/\/n16logistic.ee\/?s={search_term_string}"},"query-input":{"@type":"PropertyValueSpecification","valueRequired":true,"valueName":"search_term_string"}}],"inLanguage":"tr"},{"@type":"Organization","@id":"https:\/\/n16logistic.ee\/#organization","name":"N16 Logistic","url":"https:\/\/n16logistic.ee\/","logo":{"@type":"ImageObject","inLanguage":"tr","@id":"https:\/\/n16logistic.ee\/#\/schema\/logo\/image\/","url":"https:\/\/n16logistic.ee\/wp-content\/uploads\/2026\/01\/seffaf-n16-2.png","contentUrl":"https:\/\/n16logistic.ee\/wp-content\/uploads\/2026\/01\/seffaf-n16-2.png","width":1024,"height":1024,"caption":"N16 Logistic"},"image":{"@id":"https:\/\/n16logistic.ee\/#\/schema\/logo\/image\/"}}]}},"_links":{"self":[{"href":"https:\/\/n16logistic.ee\/index.php?rest_route=\/wp\/v2\/pages\/47","targetHints":{"allow":["GET"]}}],"collection":[{"href":"https:\/\/n16logistic.ee\/index.php?rest_route=\/wp\/v2\/pages"}],"about":[{"href":"https:\/\/n16logistic.ee\/index.php?rest_route=\/wp\/v2\/types\/page"}],"author":[{"embeddable":true,"href":"https:\/\/n16logistic.ee\/index.php?rest_route=\/wp\/v2\/users\/1"}],"replies":[{"embeddable":true,"href":"https:\/\/n16logistic.ee\/index.php?rest_route=%2Fwp%2Fv2%2Fcomments&post=47"}],"version-history":[{"count":1,"href":"https:\/\/n16logistic.ee\/index.php?rest_route=\/wp\/v2\/pages\/47\/revisions"}],"predecessor-version":[{"id":48,"href":"https:\/\/n16logistic.ee\/index.php?rest_route=\/wp\/v2\/pages\/47\/revisions\/48"}],"wp:attachment":[{"href":"https:\/\/n16logistic.ee\/index.php?rest_route=%2Fwp%2Fv2%2Fmedia&parent=47"}],"curies":[{"name":"wp","href":"https:\/\/api.w.org\/{rel}","templated":true}]}}