{"id":53,"date":"2026-01-15T14:56:45","date_gmt":"2026-01-15T11:56:45","guid":{"rendered":"https:\/\/n16logistic.ee\/?page_id=53"},"modified":"2026-01-15T14:56:46","modified_gmt":"2026-01-15T11:56:46","slug":"gumrukleme-ve-sigorta","status":"publish","type":"page","link":"https:\/\/n16logistic.ee\/?page_id=53","title":{"rendered":"G\u00fcmr\u00fckleme ve Sigorta"},"content":{"rendered":"\n<p class=\"has-white-color has-vivid-cyan-blue-background-color has-text-color has-background has-link-color wp-elements-2d9ddfdc2d57dd850c669a9b8c3124de\">Sorunsuz G\u00fcmr\u00fckleme ve Tam Kapsaml\u0131 Lojistik Sigortas\u0131<\/p>\n\n\n\n<div class=\"wp-block-media-text is-stacked-on-mobile\"><figure class=\"wp-block-media-text__media\"><img fetchpriority=\"high\" decoding=\"async\" width=\"1024\" height=\"942\" src=\"https:\/\/n16logistic.ee\/wp-content\/uploads\/2026\/01\/Gemini_Generated_Image_oxyptzoxyptzoxyp-e1768475265139.png\" alt=\"\" class=\"wp-image-37 size-full\" srcset=\"https:\/\/n16logistic.ee\/wp-content\/uploads\/2026\/01\/Gemini_Generated_Image_oxyptzoxyptzoxyp-e1768475265139.png 1024w, https:\/\/n16logistic.ee\/wp-content\/uploads\/2026\/01\/Gemini_Generated_Image_oxyptzoxyptzoxyp-e1768475265139-300x276.png 300w, https:\/\/n16logistic.ee\/wp-content\/uploads\/2026\/01\/Gemini_Generated_Image_oxyptzoxyptzoxyp-e1768475265139-768x707.png 768w\" sizes=\"(max-width: 1024px) 100vw, 1024px\" \/><\/figure><div class=\"wp-block-media-text__content\">\n<p class=\"has-black-color has-text-color has-link-color wp-elements-e6da56055b2e3c8f6eb27046972c5919\">Uluslararas\u0131 ticaretin en karma\u015f\u0131k ve riskli s\u00fcre\u00e7leri olan g\u00fcmr\u00fckleme ve sigorta i\u015flemlerinde, N16 Lojistik olarak b\u00fcrokrasiyi sizin i\u00e7in kolayla\u015ft\u0131r\u0131yoruz. Mevzuata tam hakim uzman kadromuzla, y\u00fcklerinizin s\u0131n\u0131r ge\u00e7i\u015flerinde zaman kaybetmesini \u00f6nl\u00fcyor ve olas\u0131 t\u00fcm risklere kar\u015f\u0131 ticaretinizi koruma alt\u0131na al\u0131yoruz.<\/p>\n\n\n\n<div class=\"wp-block-buttons is-layout-flex wp-block-buttons-is-layout-flex\">\n<div class=\"wp-block-button\"><a class=\"wp-block-button__link wp-element-button\">Teklif Al<\/a><\/div>\n<\/div>\n<\/div><\/div>\n\n\n\n<h3 class=\"wp-block-heading has-white-color has-vivid-cyan-blue-background-color has-text-color has-background has-link-color wp-elements-8bce1a72a182b78b9e7c7d3245eee90f\">Hizmet Modellerimiz<\/h3>\n\n\n\n<ul class=\"wp-block-list\">\n<li class=\"has-black-color has-text-color has-link-color wp-elements-df0047173920b6ffd2ff0cdabf422591\"><strong>G\u00fcmr\u00fck M\u00fc\u015favirli\u011fi Dan\u0131\u015fmanl\u0131\u011f\u0131:<\/strong> \u0130thalat ve ihracat rejimlerine uygun olarak do\u011fru GT\u0130P tespitleri yap\u0131yor, vergi ve maliyet analizleri ile yan\u0131n\u0131zda oluyoruz.<\/li>\n\n\n\n<li class=\"has-black-color has-text-color has-link-color wp-elements-b8a8decc41247fc79af445ded96cf90a\"><strong>Nakliyat Emtia Sigortas\u0131:<\/strong> Y\u00fck\u00fcn\u00fcz\u00fcn cinsi ne olursa olsun, y\u00fckleme an\u0131ndan teslimat an\u0131na kadar olu\u015fabilecek kaza, hasar veya kay\u0131p risklerine kar\u015f\u0131 en kapsaml\u0131 teminatlar\u0131 sa\u011fl\u0131yoruz.<\/li>\n\n\n\n<li class=\"has-black-color has-text-color has-link-color wp-elements-914bda65f4906e071549c565f9ab50ac\"><strong>Dok\u00fcmantasyon Y\u00f6netimi:<\/strong> Men\u015fe \u015fahadetnamesi, ATR, EUR.1 gibi kritik d\u0131\u015f ticaret belgelerinin hatas\u0131z haz\u0131rlanmas\u0131n\u0131 ve takibini ger\u00e7ekle\u015ftiriyoruz.<\/li>\n\n\n\n<li class=\"has-black-color has-text-color has-link-color wp-elements-a91757bc3994a99a8578d16bb97eda00\"><strong>Transit Rejim Y\u00f6netimi:<\/strong> Farkl\u0131 \u00fclkeler \u00fczerinden ge\u00e7ecek y\u00fckleriniz i\u00e7in gerekli olan teminat ve beyanname s\u00fcre\u00e7lerini y\u00f6neterek ak\u0131\u015f\u0131 h\u0131zland\u0131r\u0131yoruz.<\/li>\n<\/ul>\n\n\n\n<h3 class=\"wp-block-heading has-white-color has-vivid-cyan-blue-background-color has-text-color has-background has-link-color wp-elements-375ba9f023c42ae2bdac6b3455384097\">Neden N16 Lojistik G\u00fcmr\u00fck ve Sigorta Hizmeti?<\/h3>\n\n\n\n<ul start=\"1\" class=\"wp-block-list\">\n<li class=\"has-black-color has-text-color has-link-color wp-elements-b0545808c972552260ceedeba5c873f2\"><strong>Risk Y\u00f6netimi:<\/strong> Sadece ta\u015f\u0131m\u0131yor, y\u00fck\u00fcn\u00fcz\u00fcn finansal de\u011ferini de k\u00fcresel sigorta partnerlerimizle g\u00fcvence alt\u0131na al\u0131yoruz.<\/li>\n\n\n\n<li class=\"has-black-color has-text-color has-link-color wp-elements-e3c3c92f158273fff673bc49f75a1f24\"><strong>Mevzuat Takibi:<\/strong> S\u00fcrekli de\u011fi\u015fen g\u00fcmr\u00fck y\u00f6netmeliklerini anl\u0131k takip ederek, operasyonlar\u0131n\u0131z\u0131n yasal engellere tak\u0131lmas\u0131n\u0131 \u00f6nl\u00fcyoruz.<\/li>\n\n\n\n<li class=\"has-black-color has-text-color has-link-color wp-elements-bf2c14a61b8e16e4d3ecee34fa29e965\"><strong>H\u0131zl\u0131 Onay S\u00fcre\u00e7leri:<\/strong> Dijital g\u00fcmr\u00fckleme altyap\u0131m\u0131z sayesinde beyanname s\u00fcre\u00e7lerini minimum s\u00fcrede tamaml\u0131yoruz.<\/li>\n<\/ul>\n\n\n\n<p><\/p>\n","protected":false},"excerpt":{"rendered":"<p>Sorunsuz G\u00fcmr\u00fckleme ve Tam Kapsaml\u0131 Lojistik Sigortas\u0131 Hizmet Modellerimiz Neden N16 Lojistik G\u00fcmr\u00fck ve Sigorta Hizmeti?<\/p>\n","protected":false},"author":1,"featured_media":0,"parent":0,"menu_order":0,"comment_status":"closed","ping_status":"closed","template":"","meta":{"footnotes":""},"class_list":["post-53","page","type-page","status-publish","hentry"],"yoast_head":"<!-- This site is optimized with the Yoast SEO plugin v26.6 - https:\/\/yoast.com\/wordpress\/plugins\/seo\/ -->\n<title>G\u00fcmr\u00fckleme ve Sigorta - N16 Logistic<\/title>\n<meta name=\"robots\" content=\"index, follow, max-snippet:-1, max-image-preview:large, max-video-preview:-1\" \/>\n<link rel=\"canonical\" href=\"https:\/\/n16logistic.ee\/?page_id=53\" \/>\n<meta property=\"og:locale\" content=\"tr_TR\" \/>\n<meta property=\"og:type\" content=\"article\" \/>\n<meta property=\"og:title\" content=\"G\u00fcmr\u00fckleme ve Sigorta - N16 Logistic\" \/>\n<meta property=\"og:description\" content=\"Sorunsuz G\u00fcmr\u00fckleme ve Tam Kapsaml\u0131 Lojistik Sigortas\u0131 Hizmet Modellerimiz Neden N16 Lojistik G\u00fcmr\u00fck ve Sigorta Hizmeti?\" \/>\n<meta property=\"og:url\" content=\"https:\/\/n16logistic.ee\/?page_id=53\" \/>\n<meta property=\"og:site_name\" content=\"N16 Logistic\" \/>\n<meta property=\"article:modified_time\" content=\"2026-01-15T11:56:46+00:00\" \/>\n<meta property=\"og:image\" content=\"https:\/\/n16logistic.ee\/wp-content\/uploads\/2026\/01\/Gemini_Generated_Image_oxyptzoxyptzoxyp-e1768475265139.png\" \/>\n\t<meta property=\"og:image:width\" content=\"1024\" \/>\n\t<meta property=\"og:image:height\" content=\"942\" \/>\n\t<meta property=\"og:image:type\" content=\"image\/png\" \/>\n<meta name=\"twitter:card\" content=\"summary_large_image\" \/>\n<meta name=\"twitter:label1\" content=\"Tahmini okuma s\u00fcresi\" \/>\n\t<meta name=\"twitter:data1\" content=\"2 dakika\" \/>\n<script type=\"application\/ld+json\" class=\"yoast-schema-graph\">{\"@context\":\"https:\/\/schema.org\",\"@graph\":[{\"@type\":\"WebPage\",\"@id\":\"https:\/\/n16logistic.ee\/?page_id=53\",\"url\":\"https:\/\/n16logistic.ee\/?page_id=53\",\"name\":\"G\u00fcmr\u00fckleme ve Sigorta - N16 Logistic\",\"isPartOf\":{\"@id\":\"https:\/\/n16logistic.ee\/#website\"},\"primaryImageOfPage\":{\"@id\":\"https:\/\/n16logistic.ee\/?page_id=53#primaryimage\"},\"image\":{\"@id\":\"https:\/\/n16logistic.ee\/?page_id=53#primaryimage\"},\"thumbnailUrl\":\"https:\/\/n16logistic.ee\/wp-content\/uploads\/2026\/01\/Gemini_Generated_Image_oxyptzoxyptzoxyp-e1768475265139.png\",\"datePublished\":\"2026-01-15T11:56:45+00:00\",\"dateModified\":\"2026-01-15T11:56:46+00:00\",\"breadcrumb\":{\"@id\":\"https:\/\/n16logistic.ee\/?page_id=53#breadcrumb\"},\"inLanguage\":\"tr\",\"potentialAction\":[{\"@type\":\"ReadAction\",\"target\":[\"https:\/\/n16logistic.ee\/?page_id=53\"]}]},{\"@type\":\"ImageObject\",\"inLanguage\":\"tr\",\"@id\":\"https:\/\/n16logistic.ee\/?page_id=53#primaryimage\",\"url\":\"https:\/\/n16logistic.ee\/wp-content\/uploads\/2026\/01\/Gemini_Generated_Image_oxyptzoxyptzoxyp-e1768475265139.png\",\"contentUrl\":\"https:\/\/n16logistic.ee\/wp-content\/uploads\/2026\/01\/Gemini_Generated_Image_oxyptzoxyptzoxyp-e1768475265139.png\",\"width\":1024,\"height\":942},{\"@type\":\"BreadcrumbList\",\"@id\":\"https:\/\/n16logistic.ee\/?page_id=53#breadcrumb\",\"itemListElement\":[{\"@type\":\"ListItem\",\"position\":1,\"name\":\"Anasayfa\",\"item\":\"https:\/\/n16logistic.ee\/\"},{\"@type\":\"ListItem\",\"position\":2,\"name\":\"G\u00fcmr\u00fckleme ve Sigorta\"}]},{\"@type\":\"WebSite\",\"@id\":\"https:\/\/n16logistic.ee\/#website\",\"url\":\"https:\/\/n16logistic.ee\/\",\"name\":\"N16 Logistic\",\"description\":\"\",\"publisher\":{\"@id\":\"https:\/\/n16logistic.ee\/#organization\"},\"potentialAction\":[{\"@type\":\"SearchAction\",\"target\":{\"@type\":\"EntryPoint\",\"urlTemplate\":\"https:\/\/n16logistic.ee\/?s={search_term_string}\"},\"query-input\":{\"@type\":\"PropertyValueSpecification\",\"valueRequired\":true,\"valueName\":\"search_term_string\"}}],\"inLanguage\":\"tr\"},{\"@type\":\"Organization\",\"@id\":\"https:\/\/n16logistic.ee\/#organization\",\"name\":\"N16 Logistic\",\"url\":\"https:\/\/n16logistic.ee\/\",\"logo\":{\"@type\":\"ImageObject\",\"inLanguage\":\"tr\",\"@id\":\"https:\/\/n16logistic.ee\/#\/schema\/logo\/image\/\",\"url\":\"https:\/\/n16logistic.ee\/wp-content\/uploads\/2026\/01\/seffaf-n16-2.png\",\"contentUrl\":\"https:\/\/n16logistic.ee\/wp-content\/uploads\/2026\/01\/seffaf-n16-2.png\",\"width\":1024,\"height\":1024,\"caption\":\"N16 Logistic\"},\"image\":{\"@id\":\"https:\/\/n16logistic.ee\/#\/schema\/logo\/image\/\"}}]}<\/script>\n<!-- \/ Yoast SEO plugin. -->","yoast_head_json":{"title":"G\u00fcmr\u00fckleme ve Sigorta - N16 Logistic","robots":{"index":"index","follow":"follow","max-snippet":"max-snippet:-1","max-image-preview":"max-image-preview:large","max-video-preview":"max-video-preview:-1"},"canonical":"https:\/\/n16logistic.ee\/?page_id=53","og_locale":"tr_TR","og_type":"article","og_title":"G\u00fcmr\u00fckleme ve Sigorta - N16 Logistic","og_description":"Sorunsuz G\u00fcmr\u00fckleme ve Tam Kapsaml\u0131 Lojistik Sigortas\u0131 Hizmet Modellerimiz Neden N16 Lojistik G\u00fcmr\u00fck ve Sigorta Hizmeti?","og_url":"https:\/\/n16logistic.ee\/?page_id=53","og_site_name":"N16 Logistic","article_modified_time":"2026-01-15T11:56:46+00:00","og_image":[{"width":1024,"height":942,"url":"https:\/\/n16logistic.ee\/wp-content\/uploads\/2026\/01\/Gemini_Generated_Image_oxyptzoxyptzoxyp-e1768475265139.png","type":"image\/png"}],"twitter_card":"summary_large_image","twitter_misc":{"Tahmini okuma s\u00fcresi":"2 dakika"},"schema":{"@context":"https:\/\/schema.org","@graph":[{"@type":"WebPage","@id":"https:\/\/n16logistic.ee\/?page_id=53","url":"https:\/\/n16logistic.ee\/?page_id=53","name":"G\u00fcmr\u00fckleme ve Sigorta - N16 Logistic","isPartOf":{"@id":"https:\/\/n16logistic.ee\/#website"},"primaryImageOfPage":{"@id":"https:\/\/n16logistic.ee\/?page_id=53#primaryimage"},"image":{"@id":"https:\/\/n16logistic.ee\/?page_id=53#primaryimage"},"thumbnailUrl":"https:\/\/n16logistic.ee\/wp-content\/uploads\/2026\/01\/Gemini_Generated_Image_oxyptzoxyptzoxyp-e1768475265139.png","datePublished":"2026-01-15T11:56:45+00:00","dateModified":"2026-01-15T11:56:46+00:00","breadcrumb":{"@id":"https:\/\/n16logistic.ee\/?page_id=53#breadcrumb"},"inLanguage":"tr","potentialAction":[{"@type":"ReadAction","target":["https:\/\/n16logistic.ee\/?page_id=53"]}]},{"@type":"ImageObject","inLanguage":"tr","@id":"https:\/\/n16logistic.ee\/?page_id=53#primaryimage","url":"https:\/\/n16logistic.ee\/wp-content\/uploads\/2026\/01\/Gemini_Generated_Image_oxyptzoxyptzoxyp-e1768475265139.png","contentUrl":"https:\/\/n16logistic.ee\/wp-content\/uploads\/2026\/01\/Gemini_Generated_Image_oxyptzoxyptzoxyp-e1768475265139.png","width":1024,"height":942},{"@type":"BreadcrumbList","@id":"https:\/\/n16logistic.ee\/?page_id=53#breadcrumb","itemListElement":[{"@type":"ListItem","position":1,"name":"Anasayfa","item":"https:\/\/n16logistic.ee\/"},{"@type":"ListItem","position":2,"name":"G\u00fcmr\u00fckleme ve Sigorta"}]},{"@type":"WebSite","@id":"https:\/\/n16logistic.ee\/#website","url":"https:\/\/n16logistic.ee\/","name":"N16 Logistic","description":"","publisher":{"@id":"https:\/\/n16logistic.ee\/#organization"},"potentialAction":[{"@type":"SearchAction","target":{"@type":"EntryPoint","urlTemplate":"https:\/\/n16logistic.ee\/?s={search_term_string}"},"query-input":{"@type":"PropertyValueSpecification","valueRequired":true,"valueName":"search_term_string"}}],"inLanguage":"tr"},{"@type":"Organization","@id":"https:\/\/n16logistic.ee\/#organization","name":"N16 Logistic","url":"https:\/\/n16logistic.ee\/","logo":{"@type":"ImageObject","inLanguage":"tr","@id":"https:\/\/n16logistic.ee\/#\/schema\/logo\/image\/","url":"https:\/\/n16logistic.ee\/wp-content\/uploads\/2026\/01\/seffaf-n16-2.png","contentUrl":"https:\/\/n16logistic.ee\/wp-content\/uploads\/2026\/01\/seffaf-n16-2.png","width":1024,"height":1024,"caption":"N16 Logistic"},"image":{"@id":"https:\/\/n16logistic.ee\/#\/schema\/logo\/image\/"}}]}},"_links":{"self":[{"href":"https:\/\/n16logistic.ee\/index.php?rest_route=\/wp\/v2\/pages\/53","targetHints":{"allow":["GET"]}}],"collection":[{"href":"https:\/\/n16logistic.ee\/index.php?rest_route=\/wp\/v2\/pages"}],"about":[{"href":"https:\/\/n16logistic.ee\/index.php?rest_route=\/wp\/v2\/types\/page"}],"author":[{"embeddable":true,"href":"https:\/\/n16logistic.ee\/index.php?rest_route=\/wp\/v2\/users\/1"}],"replies":[{"embeddable":true,"href":"https:\/\/n16logistic.ee\/index.php?rest_route=%2Fwp%2Fv2%2Fcomments&post=53"}],"version-history":[{"count":1,"href":"https:\/\/n16logistic.ee\/index.php?rest_route=\/wp\/v2\/pages\/53\/revisions"}],"predecessor-version":[{"id":54,"href":"https:\/\/n16logistic.ee\/index.php?rest_route=\/wp\/v2\/pages\/53\/revisions\/54"}],"wp:attachment":[{"href":"https:\/\/n16logistic.ee\/index.php?rest_route=%2Fwp%2Fv2%2Fmedia&parent=53"}],"curies":[{"name":"wp","href":"https:\/\/api.w.org\/{rel}","templated":true}]}}