{"id":9,"date":"2026-01-15T12:59:39","date_gmt":"2026-01-15T09:59:39","guid":{"rendered":"https:\/\/n16logistic.ee\/?page_id=9"},"modified":"2026-02-05T15:52:05","modified_gmt":"2026-02-05T12:52:05","slug":"ana-sayfa","status":"publish","type":"page","link":"https:\/\/n16logistic.ee\/","title":{"rendered":"Ana Sayfa"},"content":{"rendered":"\t\t<div data-elementor-type=\"wp-page\" data-elementor-id=\"9\" class=\"elementor elementor-9\">\n\t\t\t\t<div class=\"elementor-element elementor-element-8f37f50 e-flex e-con-boxed e-con e-parent\" data-id=\"8f37f50\" data-element_type=\"container\">\n\t\t\t\t\t<div class=\"e-con-inner\">\n\t\t\t\t<div class=\"elementor-element elementor-element-da6d22f elementor-invisible elementor-widget elementor-widget-heading\" data-id=\"da6d22f\" data-element_type=\"widget\" data-settings=\"{&quot;_animation&quot;:&quot;fadeInRight&quot;}\" data-widget_type=\"heading.default\">\n\t\t\t\t\t<h1 class=\"elementor-heading-title elementor-size-default\">S\u0131n\u0131rlar\u0131 A\u015fan H\u0131z, G\u00fcvenle Ta\u015f\u0131nan Gelecek<\/h1>\t\t\t\t<\/div>\n\t\t\t\t\t<\/div>\n\t\t\t\t<\/div>\n\t\t<div class=\"elementor-element elementor-element-e38e63b e-flex e-con-boxed e-con e-parent\" data-id=\"e38e63b\" data-element_type=\"container\">\n\t\t\t\t\t<div class=\"e-con-inner\">\n\t\t\t\t<div class=\"elementor-element elementor-element-12559ac elementor-widget-divider--view-line elementor-widget elementor-widget-divider\" data-id=\"12559ac\" data-element_type=\"widget\" data-widget_type=\"divider.default\">\n\t\t\t\t\t\t\t<div class=\"elementor-divider\">\n\t\t\t<span class=\"elementor-divider-separator\">\n\t\t\t\t\t\t<\/span>\n\t\t<\/div>\n\t\t\t\t\t\t<\/div>\n\t\t\t\t\t<\/div>\n\t\t\t\t<\/div>\n\t\t<div class=\"elementor-element elementor-element-9303cef e-flex e-con-boxed e-con e-parent\" data-id=\"9303cef\" data-element_type=\"container\">\n\t\t\t\t\t<div class=\"e-con-inner\">\n\t\t<div class=\"elementor-element elementor-element-f43609d e-con-full e-flex e-con e-child\" data-id=\"f43609d\" data-element_type=\"container\">\n\t\t\t\t<div class=\"elementor-element elementor-element-0188b8a elementor-button-info elementor-align-center elementor-widget elementor-widget-button\" data-id=\"0188b8a\" data-element_type=\"widget\" data-widget_type=\"button.default\">\n\t\t\t\t\t\t\t\t\t\t<a class=\"elementor-button elementor-button-link elementor-size-sm\" href=\"https:\/\/n16logistic.ee\/?page_id=31\">\n\t\t\t\t\t\t<span class=\"elementor-button-content-wrapper\">\n\t\t\t\t\t\t\t\t\t<span class=\"elementor-button-text\">Hizmetlerimiz<\/span>\n\t\t\t\t\t<\/span>\n\t\t\t\t\t<\/a>\n\t\t\t\t\t\t\t\t<\/div>\n\t\t\t\t<\/div>\n\t\t<div class=\"elementor-element elementor-element-4129ac3 e-con-full e-flex e-con e-child\" data-id=\"4129ac3\" data-element_type=\"container\">\n\t\t\t\t<div class=\"elementor-element elementor-element-a976710 elementor-align-center elementor-widget elementor-widget-button\" data-id=\"a976710\" data-element_type=\"widget\" data-widget_type=\"button.default\">\n\t\t\t\t\t\t\t\t\t\t<a class=\"elementor-button elementor-button-link elementor-size-sm\" href=\"https:\/\/n16logistic.ee\/?page_id=129\">\n\t\t\t\t\t\t<span class=\"elementor-button-content-wrapper\">\n\t\t\t\t\t\t\t\t\t<span class=\"elementor-button-text\">Bize Ula\u015f\u0131n<\/span>\n\t\t\t\t\t<\/span>\n\t\t\t\t\t<\/a>\n\t\t\t\t\t\t\t\t<\/div>\n\t\t\t\t<\/div>\n\t\t\t\t\t<\/div>\n\t\t\t\t<\/div>\n\t\t<div class=\"elementor-element elementor-element-33e7296 e-flex e-con-boxed e-con e-parent\" data-id=\"33e7296\" data-element_type=\"container\">\n\t\t\t\t\t<div class=\"e-con-inner\">\n\t\t\t\t<div class=\"elementor-element elementor-element-6f2738e elementor-widget-divider--view-line elementor-widget elementor-widget-divider\" data-id=\"6f2738e\" data-element_type=\"widget\" data-widget_type=\"divider.default\">\n\t\t\t\t\t\t\t<div class=\"elementor-divider\">\n\t\t\t<span class=\"elementor-divider-separator\">\n\t\t\t\t\t\t<\/span>\n\t\t<\/div>\n\t\t\t\t\t\t<\/div>\n\t\t\t\t\t<\/div>\n\t\t\t\t<\/div>\n\t\t<div class=\"elementor-element elementor-element-e910c2d e-flex e-con-boxed e-con e-parent\" data-id=\"e910c2d\" data-element_type=\"container\">\n\t\t\t\t\t<div class=\"e-con-inner\">\n\t\t\t\t<div class=\"elementor-element elementor-element-b158dab elementor-widget elementor-widget-image\" data-id=\"b158dab\" data-element_type=\"widget\" data-widget_type=\"image.default\">\n\t\t\t\t\t\t\t\t\t\t\t\t\t\t\t<img fetchpriority=\"high\" decoding=\"async\" width=\"800\" height=\"736\" src=\"https:\/\/n16logistic.ee\/wp-content\/uploads\/2026\/01\/Gemini_Generated_Image_v1pza0v1pza0v1pz-e1768472082809.png\" class=\"attachment-large size-large wp-image-29\" alt=\"\" srcset=\"https:\/\/n16logistic.ee\/wp-content\/uploads\/2026\/01\/Gemini_Generated_Image_v1pza0v1pza0v1pz-e1768472082809.png 1024w, https:\/\/n16logistic.ee\/wp-content\/uploads\/2026\/01\/Gemini_Generated_Image_v1pza0v1pza0v1pz-e1768472082809-300x276.png 300w, https:\/\/n16logistic.ee\/wp-content\/uploads\/2026\/01\/Gemini_Generated_Image_v1pza0v1pza0v1pz-e1768472082809-768x707.png 768w\" sizes=\"(max-width: 800px) 100vw, 800px\" \/>\t\t\t\t\t\t\t\t\t\t\t\t\t\t\t<\/div>\n\t\t\t\t\t<\/div>\n\t\t\t\t<\/div>\n\t\t<div class=\"elementor-element elementor-element-be0540b e-flex e-con-boxed e-con e-parent\" data-id=\"be0540b\" data-element_type=\"container\">\n\t\t\t\t\t<div class=\"e-con-inner\">\n\t\t\t\t<div class=\"elementor-element elementor-element-97c2859 elementor-widget-divider--view-line elementor-widget elementor-widget-divider\" data-id=\"97c2859\" data-element_type=\"widget\" data-widget_type=\"divider.default\">\n\t\t\t\t\t\t\t<div class=\"elementor-divider\">\n\t\t\t<span class=\"elementor-divider-separator\">\n\t\t\t\t\t\t<\/span>\n\t\t<\/div>\n\t\t\t\t\t\t<\/div>\n\t\t\t\t\t<\/div>\n\t\t\t\t<\/div>\n\t\t<div class=\"elementor-element elementor-element-2c20852 e-flex e-con-boxed e-con e-parent\" data-id=\"2c20852\" data-element_type=\"container\">\n\t\t\t\t\t<div class=\"e-con-inner\">\n\t\t<div class=\"elementor-element elementor-element-cebf22f e-con-full e-flex e-con e-child\" data-id=\"cebf22f\" data-element_type=\"container\">\n\t\t\t\t<div class=\"elementor-element elementor-element-e05b93a elementor-view-default elementor-widget elementor-widget-icon\" data-id=\"e05b93a\" data-element_type=\"widget\" data-widget_type=\"icon.default\">\n\t\t\t\t\t\t\t<div class=\"elementor-icon-wrapper\">\n\t\t\t<div class=\"elementor-icon\">\n\t\t\t<svg aria-hidden=\"true\" class=\"e-font-icon-svg e-fas-map-marker-alt\" viewBox=\"0 0 384 512\" xmlns=\"http:\/\/www.w3.org\/2000\/svg\"><path d=\"M172.268 501.67C26.97 291.031 0 269.413 0 192 0 85.961 85.961 0 192 0s192 85.961 192 192c0 77.413-26.97 99.031-172.268 309.67-9.535 13.774-29.93 13.773-39.464 0zM192 272c44.183 0 80-35.817 80-80s-35.817-80-80-80-80 35.817-80 80 35.817 80 80 80z\"><\/path><\/svg>\t\t\t<\/div>\n\t\t<\/div>\n\t\t\t\t\t\t<\/div>\n\t\t\t\t<div class=\"elementor-element elementor-element-15f436f elementor-widget elementor-widget-heading\" data-id=\"15f436f\" data-element_type=\"widget\" data-widget_type=\"heading.default\">\n\t\t\t\t\t<h2 class=\"elementor-heading-title elementor-size-default\">7\/24 TAK\u0130P<\/h2>\t\t\t\t<\/div>\n\t\t\t\t<div class=\"elementor-element elementor-element-6666432 elementor-widget elementor-widget-text-editor\" data-id=\"6666432\" data-element_type=\"widget\" data-widget_type=\"text-editor.default\">\n\t\t\t\t\t\t\t\t\t<p style=\"text-align: center;\"><span style=\"color: #102b53;\">Geli\u015fmi\u015f GPS ve filo takip sistemlerimizle, g\u00f6nderinizin konumunu g\u00fcn\u00fcn her saati \u015feffaf bir \u015fekilde izleyebilirsiniz. Kontrol her zaman sizde.<\/span><\/p>\t\t\t\t\t\t\t\t<\/div>\n\t\t\t\t<\/div>\n\t\t<div class=\"elementor-element elementor-element-2129930 e-con-full e-flex e-con e-child\" data-id=\"2129930\" data-element_type=\"container\">\n\t\t\t\t<div class=\"elementor-element elementor-element-cbb87cc elementor-view-default elementor-widget elementor-widget-icon\" data-id=\"cbb87cc\" data-element_type=\"widget\" data-widget_type=\"icon.default\">\n\t\t\t\t\t\t\t<div class=\"elementor-icon-wrapper\">\n\t\t\t<div class=\"elementor-icon\">\n\t\t\t<svg aria-hidden=\"true\" class=\"e-font-icon-svg e-fas-shipping-fast\" viewBox=\"0 0 640 512\" xmlns=\"http:\/\/www.w3.org\/2000\/svg\"><path d=\"M624 352h-16V243.9c0-12.7-5.1-24.9-14.1-33.9L494 110.1c-9-9-21.2-14.1-33.9-14.1H416V48c0-26.5-21.5-48-48-48H112C85.5 0 64 21.5 64 48v48H8c-4.4 0-8 3.6-8 8v16c0 4.4 3.6 8 8 8h272c4.4 0 8 3.6 8 8v16c0 4.4-3.6 8-8 8H40c-4.4 0-8 3.6-8 8v16c0 4.4 3.6 8 8 8h208c4.4 0 8 3.6 8 8v16c0 4.4-3.6 8-8 8H8c-4.4 0-8 3.6-8 8v16c0 4.4 3.6 8 8 8h208c4.4 0 8 3.6 8 8v16c0 4.4-3.6 8-8 8H64v128c0 53 43 96 96 96s96-43 96-96h128c0 53 43 96 96 96s96-43 96-96h48c8.8 0 16-7.2 16-16v-32c0-8.8-7.2-16-16-16zM160 464c-26.5 0-48-21.5-48-48s21.5-48 48-48 48 21.5 48 48-21.5 48-48 48zm320 0c-26.5 0-48-21.5-48-48s21.5-48 48-48 48 21.5 48 48-21.5 48-48 48zm80-208H416V144h44.1l99.9 99.9V256z\"><\/path><\/svg>\t\t\t<\/div>\n\t\t<\/div>\n\t\t\t\t\t\t<\/div>\n\t\t\t\t<div class=\"elementor-element elementor-element-a06cf66 elementor-widget elementor-widget-heading\" data-id=\"a06cf66\" data-element_type=\"widget\" data-widget_type=\"heading.default\">\n\t\t\t\t\t<h2 class=\"elementor-heading-title elementor-size-default\">HIZ<\/h2>\t\t\t\t<\/div>\n\t\t\t\t<div class=\"elementor-element elementor-element-58db1af elementor-widget elementor-widget-text-editor\" data-id=\"58db1af\" data-element_type=\"widget\" data-widget_type=\"text-editor.default\">\n\t\t\t\t\t\t\t\t\t<p style=\"text-align: center;\"><span style=\"color: #102b53;\">Zaman\u0131n sizin i\u00e7in de\u011ferini biliyoruz. Optimize edilmi\u015f rotalar\u0131m\u0131z ve dinamik operasyon ekibimizle en acil sevkiyatlar\u0131n\u0131z\u0131 tam zaman\u0131nda ula\u015ft\u0131r\u0131yoruz.<\/span><\/p>\t\t\t\t\t\t\t\t<\/div>\n\t\t\t\t<\/div>\n\t\t<div class=\"elementor-element elementor-element-fb57d83 e-con-full e-flex e-con e-child\" data-id=\"fb57d83\" data-element_type=\"container\">\n\t\t\t\t<div class=\"elementor-element elementor-element-4ac6ecc elementor-view-default elementor-widget elementor-widget-icon\" data-id=\"4ac6ecc\" data-element_type=\"widget\" data-widget_type=\"icon.default\">\n\t\t\t\t\t\t\t<div class=\"elementor-icon-wrapper\">\n\t\t\t<div class=\"elementor-icon\">\n\t\t\t<svg aria-hidden=\"true\" class=\"e-font-icon-svg e-fas-shield-alt\" viewBox=\"0 0 512 512\" xmlns=\"http:\/\/www.w3.org\/2000\/svg\"><path d=\"M466.5 83.7l-192-80a48.15 48.15 0 0 0-36.9 0l-192 80C27.7 91.1 16 108.6 16 128c0 198.5 114.5 335.7 221.5 380.3 11.8 4.9 25.1 4.9 36.9 0C360.1 472.6 496 349.3 496 128c0-19.4-11.7-36.9-29.5-44.3zM256.1 446.3l-.1-381 175.9 73.3c-3.3 151.4-82.1 261.1-175.8 307.7z\"><\/path><\/svg>\t\t\t<\/div>\n\t\t<\/div>\n\t\t\t\t\t\t<\/div>\n\t\t\t\t<div class=\"elementor-element elementor-element-7b8fb66 elementor-widget elementor-widget-heading\" data-id=\"7b8fb66\" data-element_type=\"widget\" data-widget_type=\"heading.default\">\n\t\t\t\t\t<h2 class=\"elementor-heading-title elementor-size-default\">G\u00dcVEN<\/h2>\t\t\t\t<\/div>\n\t\t\t\t<div class=\"elementor-element elementor-element-84ff60b elementor-widget elementor-widget-text-editor\" data-id=\"84ff60b\" data-element_type=\"widget\" data-widget_type=\"text-editor.default\">\n\t\t\t\t\t\t\t\t\t<p style=\"text-align: center;\"><span style=\"color: #102b53;\">Y\u00fck\u00fcn\u00fcz\u00fc sigortal\u0131 ta\u015f\u0131mac\u0131l\u0131k ve y\u00fcksek g\u00fcvenlik standartlar\u0131yla koruyoruz. Y\u0131llar\u0131n deneyimiyle, emanetinizi s\u00f6z verdi\u011fimiz gibi teslim ediyoruz.<\/span><\/p>\t\t\t\t\t\t\t\t<\/div>\n\t\t\t\t<\/div>\n\t\t<div class=\"elementor-element elementor-element-d43d3e3 e-con-full e-flex e-con e-child\" data-id=\"d43d3e3\" data-element_type=\"container\">\n\t\t\t\t<div class=\"elementor-element elementor-element-938f3b9 elementor-view-default elementor-widget elementor-widget-icon\" data-id=\"938f3b9\" data-element_type=\"widget\" data-widget_type=\"icon.default\">\n\t\t\t\t\t\t\t<div class=\"elementor-icon-wrapper\">\n\t\t\t<div class=\"elementor-icon\">\n\t\t\t<svg aria-hidden=\"true\" class=\"e-font-icon-svg e-fas-globe-americas\" viewBox=\"0 0 496 512\" xmlns=\"http:\/\/www.w3.org\/2000\/svg\"><path d=\"M248 8C111.03 8 0 119.03 0 256s111.03 248 248 248 248-111.03 248-248S384.97 8 248 8zm82.29 357.6c-3.9 3.88-7.99 7.95-11.31 11.28-2.99 3-5.1 6.7-6.17 10.71-1.51 5.66-2.73 11.38-4.77 16.87l-17.39 46.85c-13.76 3-28 4.69-42.65 4.69v-27.38c1.69-12.62-7.64-36.26-22.63-51.25-6-6-9.37-14.14-9.37-22.63v-32.01c0-11.64-6.27-22.34-16.46-27.97-14.37-7.95-34.81-19.06-48.81-26.11-11.48-5.78-22.1-13.14-31.65-21.75l-.8-.72a114.792 114.792 0 0 1-18.06-20.74c-9.38-13.77-24.66-36.42-34.59-51.14 20.47-45.5 57.36-82.04 103.2-101.89l24.01 12.01C203.48 89.74 216 82.01 216 70.11v-11.3c7.99-1.29 16.12-2.11 24.39-2.42l28.3 28.3c6.25 6.25 6.25 16.38 0 22.63L264 112l-10.34 10.34c-3.12 3.12-3.12 8.19 0 11.31l4.69 4.69c3.12 3.12 3.12 8.19 0 11.31l-8 8a8.008 8.008 0 0 1-5.66 2.34h-8.99c-2.08 0-4.08.81-5.58 2.27l-9.92 9.65a8.008 8.008 0 0 0-1.58 9.31l15.59 31.19c2.66 5.32-1.21 11.58-7.15 11.58h-5.64c-1.93 0-3.79-.7-5.24-1.96l-9.28-8.06a16.017 16.017 0 0 0-15.55-3.1l-31.17 10.39a11.95 11.95 0 0 0-8.17 11.34c0 4.53 2.56 8.66 6.61 10.69l11.08 5.54c9.41 4.71 19.79 7.16 30.31 7.16s22.59 27.29 32 32h66.75c8.49 0 16.62 3.37 22.63 9.37l13.69 13.69a30.503 30.503 0 0 1 8.93 21.57 46.536 46.536 0 0 1-13.72 32.98zM417 274.25c-5.79-1.45-10.84-5-14.15-9.97l-17.98-26.97a23.97 23.97 0 0 1 0-26.62l19.59-29.38c2.32-3.47 5.5-6.29 9.24-8.15l12.98-6.49C440.2 193.59 448 223.87 448 256c0 8.67-.74 17.16-1.82 25.54L417 274.25z\"><\/path><\/svg>\t\t\t<\/div>\n\t\t<\/div>\n\t\t\t\t\t\t<\/div>\n\t\t\t\t<div class=\"elementor-element elementor-element-fd1d520 elementor-widget elementor-widget-heading\" data-id=\"fd1d520\" data-element_type=\"widget\" data-widget_type=\"heading.default\">\n\t\t\t\t\t<h2 class=\"elementor-heading-title elementor-size-default\">GEN\u0130\u015e A\u011e<\/h2>\t\t\t\t<\/div>\n\t\t\t\t<div class=\"elementor-element elementor-element-dfddbb7 elementor-widget elementor-widget-text-editor\" data-id=\"dfddbb7\" data-element_type=\"widget\" data-widget_type=\"text-editor.default\">\n\t\t\t\t\t\t\t\t\t<p style=\"text-align: center;\"><span style=\"color: #102b53;\">Geni\u015f hizmet a\u011f\u0131m\u0131z ve stratejik \u00e7\u00f6z\u00fcm ortakl\u0131klar\u0131m\u0131z sayesinde, sadece \u015fehir i\u00e7i de\u011fil, s\u0131n\u0131rlar\u0131 a\u015fan lojistik \u00e7\u00f6z\u00fcmlerle her noktaya ula\u015f\u0131yoruz.<\/span><\/p>\t\t\t\t\t\t\t\t<\/div>\n\t\t\t\t<\/div>\n\t\t\t\t\t<\/div>\n\t\t\t\t<\/div>\n\t\t\t\t<\/div>\n\t\t","protected":false},"excerpt":{"rendered":"<p>S\u0131n\u0131rlar\u0131 A\u015fan H\u0131z, G\u00fcvenle Ta\u015f\u0131nan Gelecek Hizmetlerimiz Bize Ula\u015f\u0131n 7\/24 TAK\u0130P Geli\u015fmi\u015f GPS ve filo takip sistemlerimizle, g\u00f6nderinizin konumunu g\u00fcn\u00fcn her saati \u015feffaf bir \u015fekilde izleyebilirsiniz. Kontrol her zaman sizde. HIZ Zaman\u0131n sizin i\u00e7in de\u011ferini biliyoruz. Optimize edilmi\u015f rotalar\u0131m\u0131z ve dinamik operasyon ekibimizle en acil sevkiyatlar\u0131n\u0131z\u0131 tam zaman\u0131nda ula\u015ft\u0131r\u0131yoruz. G\u00dcVEN Y\u00fck\u00fcn\u00fcz\u00fc sigortal\u0131 ta\u015f\u0131mac\u0131l\u0131k ve y\u00fcksek [&hellip;]<\/p>\n","protected":false},"author":1,"featured_media":0,"parent":0,"menu_order":0,"comment_status":"closed","ping_status":"closed","template":"","meta":{"footnotes":""},"class_list":["post-9","page","type-page","status-publish","hentry"],"yoast_head":"<!-- This site is optimized with the Yoast SEO plugin v26.6 - https:\/\/yoast.com\/wordpress\/plugins\/seo\/ -->\n<title>Ana Sayfa - N16 Logistic<\/title>\n<meta name=\"robots\" content=\"index, follow, max-snippet:-1, max-image-preview:large, max-video-preview:-1\" \/>\n<link rel=\"canonical\" href=\"https:\/\/n16logistic.ee\/\" \/>\n<meta property=\"og:locale\" content=\"tr_TR\" \/>\n<meta property=\"og:type\" content=\"article\" \/>\n<meta property=\"og:title\" content=\"Ana Sayfa - N16 Logistic\" \/>\n<meta property=\"og:description\" content=\"S\u0131n\u0131rlar\u0131 A\u015fan H\u0131z, G\u00fcvenle Ta\u015f\u0131nan Gelecek Hizmetlerimiz Bize Ula\u015f\u0131n 7\/24 TAK\u0130P Geli\u015fmi\u015f GPS ve filo takip sistemlerimizle, g\u00f6nderinizin konumunu g\u00fcn\u00fcn her saati \u015feffaf bir \u015fekilde izleyebilirsiniz. Kontrol her zaman sizde. HIZ Zaman\u0131n sizin i\u00e7in de\u011ferini biliyoruz. Optimize edilmi\u015f rotalar\u0131m\u0131z ve dinamik operasyon ekibimizle en acil sevkiyatlar\u0131n\u0131z\u0131 tam zaman\u0131nda ula\u015ft\u0131r\u0131yoruz. G\u00dcVEN Y\u00fck\u00fcn\u00fcz\u00fc sigortal\u0131 ta\u015f\u0131mac\u0131l\u0131k ve y\u00fcksek [&hellip;]\" \/>\n<meta property=\"og:url\" content=\"https:\/\/n16logistic.ee\/\" \/>\n<meta property=\"og:site_name\" content=\"N16 Logistic\" \/>\n<meta property=\"article:modified_time\" content=\"2026-02-05T12:52:05+00:00\" \/>\n<meta property=\"og:image\" content=\"https:\/\/n16logistic.ee\/wp-content\/uploads\/2026\/01\/Gemini_Generated_Image_v1pza0v1pza0v1pz-e1768472082809.png\" \/>\n\t<meta property=\"og:image:width\" content=\"1024\" \/>\n\t<meta property=\"og:image:height\" content=\"942\" \/>\n\t<meta property=\"og:image:type\" content=\"image\/png\" \/>\n<meta name=\"twitter:card\" content=\"summary_large_image\" \/>\n<meta name=\"twitter:label1\" content=\"Tahmini okuma s\u00fcresi\" \/>\n\t<meta name=\"twitter:data1\" content=\"1 dakika\" \/>\n<script type=\"application\/ld+json\" class=\"yoast-schema-graph\">{\"@context\":\"https:\/\/schema.org\",\"@graph\":[{\"@type\":\"WebPage\",\"@id\":\"https:\/\/n16logistic.ee\/\",\"url\":\"https:\/\/n16logistic.ee\/\",\"name\":\"Ana Sayfa - N16 Logistic\",\"isPartOf\":{\"@id\":\"https:\/\/n16logistic.ee\/#website\"},\"primaryImageOfPage\":{\"@id\":\"https:\/\/n16logistic.ee\/#primaryimage\"},\"image\":{\"@id\":\"https:\/\/n16logistic.ee\/#primaryimage\"},\"thumbnailUrl\":\"https:\/\/n16logistic.ee\/wp-content\/uploads\/2026\/01\/Gemini_Generated_Image_v1pza0v1pza0v1pz-e1768472082809.png\",\"datePublished\":\"2026-01-15T09:59:39+00:00\",\"dateModified\":\"2026-02-05T12:52:05+00:00\",\"breadcrumb\":{\"@id\":\"https:\/\/n16logistic.ee\/#breadcrumb\"},\"inLanguage\":\"tr\",\"potentialAction\":[{\"@type\":\"ReadAction\",\"target\":[\"https:\/\/n16logistic.ee\/\"]}]},{\"@type\":\"ImageObject\",\"inLanguage\":\"tr\",\"@id\":\"https:\/\/n16logistic.ee\/#primaryimage\",\"url\":\"https:\/\/n16logistic.ee\/wp-content\/uploads\/2026\/01\/Gemini_Generated_Image_v1pza0v1pza0v1pz-e1768472082809.png\",\"contentUrl\":\"https:\/\/n16logistic.ee\/wp-content\/uploads\/2026\/01\/Gemini_Generated_Image_v1pza0v1pza0v1pz-e1768472082809.png\",\"width\":1024,\"height\":942},{\"@type\":\"BreadcrumbList\",\"@id\":\"https:\/\/n16logistic.ee\/#breadcrumb\",\"itemListElement\":[{\"@type\":\"ListItem\",\"position\":1,\"name\":\"Anasayfa\",\"item\":\"https:\/\/n16logistic.ee\/\"},{\"@type\":\"ListItem\",\"position\":2,\"name\":\"Ana Sayfa\"}]},{\"@type\":\"WebSite\",\"@id\":\"https:\/\/n16logistic.ee\/#website\",\"url\":\"https:\/\/n16logistic.ee\/\",\"name\":\"N16 Logistic\",\"description\":\"\",\"publisher\":{\"@id\":\"https:\/\/n16logistic.ee\/#organization\"},\"potentialAction\":[{\"@type\":\"SearchAction\",\"target\":{\"@type\":\"EntryPoint\",\"urlTemplate\":\"https:\/\/n16logistic.ee\/?s={search_term_string}\"},\"query-input\":{\"@type\":\"PropertyValueSpecification\",\"valueRequired\":true,\"valueName\":\"search_term_string\"}}],\"inLanguage\":\"tr\"},{\"@type\":\"Organization\",\"@id\":\"https:\/\/n16logistic.ee\/#organization\",\"name\":\"N16 Logistic\",\"url\":\"https:\/\/n16logistic.ee\/\",\"logo\":{\"@type\":\"ImageObject\",\"inLanguage\":\"tr\",\"@id\":\"https:\/\/n16logistic.ee\/#\/schema\/logo\/image\/\",\"url\":\"https:\/\/n16logistic.ee\/wp-content\/uploads\/2026\/01\/seffaf-n16-2.png\",\"contentUrl\":\"https:\/\/n16logistic.ee\/wp-content\/uploads\/2026\/01\/seffaf-n16-2.png\",\"width\":1024,\"height\":1024,\"caption\":\"N16 Logistic\"},\"image\":{\"@id\":\"https:\/\/n16logistic.ee\/#\/schema\/logo\/image\/\"}}]}<\/script>\n<!-- \/ Yoast SEO plugin. -->","yoast_head_json":{"title":"Ana Sayfa - N16 Logistic","robots":{"index":"index","follow":"follow","max-snippet":"max-snippet:-1","max-image-preview":"max-image-preview:large","max-video-preview":"max-video-preview:-1"},"canonical":"https:\/\/n16logistic.ee\/","og_locale":"tr_TR","og_type":"article","og_title":"Ana Sayfa - N16 Logistic","og_description":"S\u0131n\u0131rlar\u0131 A\u015fan H\u0131z, G\u00fcvenle Ta\u015f\u0131nan Gelecek Hizmetlerimiz Bize Ula\u015f\u0131n 7\/24 TAK\u0130P Geli\u015fmi\u015f GPS ve filo takip sistemlerimizle, g\u00f6nderinizin konumunu g\u00fcn\u00fcn her saati \u015feffaf bir \u015fekilde izleyebilirsiniz. Kontrol her zaman sizde. HIZ Zaman\u0131n sizin i\u00e7in de\u011ferini biliyoruz. Optimize edilmi\u015f rotalar\u0131m\u0131z ve dinamik operasyon ekibimizle en acil sevkiyatlar\u0131n\u0131z\u0131 tam zaman\u0131nda ula\u015ft\u0131r\u0131yoruz. G\u00dcVEN Y\u00fck\u00fcn\u00fcz\u00fc sigortal\u0131 ta\u015f\u0131mac\u0131l\u0131k ve y\u00fcksek [&hellip;]","og_url":"https:\/\/n16logistic.ee\/","og_site_name":"N16 Logistic","article_modified_time":"2026-02-05T12:52:05+00:00","og_image":[{"width":1024,"height":942,"url":"https:\/\/n16logistic.ee\/wp-content\/uploads\/2026\/01\/Gemini_Generated_Image_v1pza0v1pza0v1pz-e1768472082809.png","type":"image\/png"}],"twitter_card":"summary_large_image","twitter_misc":{"Tahmini okuma s\u00fcresi":"1 dakika"},"schema":{"@context":"https:\/\/schema.org","@graph":[{"@type":"WebPage","@id":"https:\/\/n16logistic.ee\/","url":"https:\/\/n16logistic.ee\/","name":"Ana Sayfa - N16 Logistic","isPartOf":{"@id":"https:\/\/n16logistic.ee\/#website"},"primaryImageOfPage":{"@id":"https:\/\/n16logistic.ee\/#primaryimage"},"image":{"@id":"https:\/\/n16logistic.ee\/#primaryimage"},"thumbnailUrl":"https:\/\/n16logistic.ee\/wp-content\/uploads\/2026\/01\/Gemini_Generated_Image_v1pza0v1pza0v1pz-e1768472082809.png","datePublished":"2026-01-15T09:59:39+00:00","dateModified":"2026-02-05T12:52:05+00:00","breadcrumb":{"@id":"https:\/\/n16logistic.ee\/#breadcrumb"},"inLanguage":"tr","potentialAction":[{"@type":"ReadAction","target":["https:\/\/n16logistic.ee\/"]}]},{"@type":"ImageObject","inLanguage":"tr","@id":"https:\/\/n16logistic.ee\/#primaryimage","url":"https:\/\/n16logistic.ee\/wp-content\/uploads\/2026\/01\/Gemini_Generated_Image_v1pza0v1pza0v1pz-e1768472082809.png","contentUrl":"https:\/\/n16logistic.ee\/wp-content\/uploads\/2026\/01\/Gemini_Generated_Image_v1pza0v1pza0v1pz-e1768472082809.png","width":1024,"height":942},{"@type":"BreadcrumbList","@id":"https:\/\/n16logistic.ee\/#breadcrumb","itemListElement":[{"@type":"ListItem","position":1,"name":"Anasayfa","item":"https:\/\/n16logistic.ee\/"},{"@type":"ListItem","position":2,"name":"Ana Sayfa"}]},{"@type":"WebSite","@id":"https:\/\/n16logistic.ee\/#website","url":"https:\/\/n16logistic.ee\/","name":"N16 Logistic","description":"","publisher":{"@id":"https:\/\/n16logistic.ee\/#organization"},"potentialAction":[{"@type":"SearchAction","target":{"@type":"EntryPoint","urlTemplate":"https:\/\/n16logistic.ee\/?s={search_term_string}"},"query-input":{"@type":"PropertyValueSpecification","valueRequired":true,"valueName":"search_term_string"}}],"inLanguage":"tr"},{"@type":"Organization","@id":"https:\/\/n16logistic.ee\/#organization","name":"N16 Logistic","url":"https:\/\/n16logistic.ee\/","logo":{"@type":"ImageObject","inLanguage":"tr","@id":"https:\/\/n16logistic.ee\/#\/schema\/logo\/image\/","url":"https:\/\/n16logistic.ee\/wp-content\/uploads\/2026\/01\/seffaf-n16-2.png","contentUrl":"https:\/\/n16logistic.ee\/wp-content\/uploads\/2026\/01\/seffaf-n16-2.png","width":1024,"height":1024,"caption":"N16 Logistic"},"image":{"@id":"https:\/\/n16logistic.ee\/#\/schema\/logo\/image\/"}}]}},"_links":{"self":[{"href":"https:\/\/n16logistic.ee\/index.php?rest_route=\/wp\/v2\/pages\/9","targetHints":{"allow":["GET"]}}],"collection":[{"href":"https:\/\/n16logistic.ee\/index.php?rest_route=\/wp\/v2\/pages"}],"about":[{"href":"https:\/\/n16logistic.ee\/index.php?rest_route=\/wp\/v2\/types\/page"}],"author":[{"embeddable":true,"href":"https:\/\/n16logistic.ee\/index.php?rest_route=\/wp\/v2\/users\/1"}],"replies":[{"embeddable":true,"href":"https:\/\/n16logistic.ee\/index.php?rest_route=%2Fwp%2Fv2%2Fcomments&post=9"}],"version-history":[{"count":33,"href":"https:\/\/n16logistic.ee\/index.php?rest_route=\/wp\/v2\/pages\/9\/revisions"}],"predecessor-version":[{"id":151,"href":"https:\/\/n16logistic.ee\/index.php?rest_route=\/wp\/v2\/pages\/9\/revisions\/151"}],"wp:attachment":[{"href":"https:\/\/n16logistic.ee\/index.php?rest_route=%2Fwp%2Fv2%2Fmedia&parent=9"}],"curies":[{"name":"wp","href":"https:\/\/api.w.org\/{rel}","templated":true}]}}